{"id":1558,"date":"2022-09-27T20:34:10","date_gmt":"2022-09-27T20:34:10","guid":{"rendered":"https:\/\/lasdlanas.pl\/?page_id=1558"},"modified":"2025-02-10T10:48:40","modified_gmt":"2025-02-10T10:48:40","slug":"panel","status":"publish","type":"page","link":"https:\/\/lasdlanas.pl\/en\/panel\/","title":{"rendered":"Panel"},"content":{"rendered":"<h3 class=\"wp-block-heading\">Wybierz obiekt do przes\u0142ania raportu<\/h3>\n\n<figure class=\"wp-block-image size-full\"><a ><img loading=\"lazy\" decoding=\"async\" width=\"1500\" height=\"1000\" src=\"https:\/\/lasdlanas.pl\/wp-content\/uploads\/2023\/04\/ascot_premium_r1500.webp\" alt class=\"wp-image-1895\" srcset=\"https:\/\/lasdlanas.pl\/wp-content\/uploads\/2023\/04\/ascot_premium_r1500.webp 1500w, https:\/\/lasdlanas.pl\/wp-content\/uploads\/2023\/04\/ascot_premium_r1500-300x200.webp 300w, https:\/\/lasdlanas.pl\/wp-content\/uploads\/2023\/04\/ascot_premium_r1500-1024x683.webp 1024w, https:\/\/lasdlanas.pl\/wp-content\/uploads\/2023\/04\/ascot_premium_r1500-768x512.webp 768w\" sizes=\"auto, (max-width: 1500px) 100vw, 1500px\" \/><\/a><\/figure>\n\nAscot Premium Hotel,<br>  \nul. Radziwi\u0142\u0142owska 3,\n31-026 Krak\u00f3w\n\nHotel A<br>ul. Kolorwa 20<br>Brenna\n\n<figure class=\"wp-block-image size-full\"><a ><img loading=\"lazy\" decoding=\"async\" width=\"800\" height=\"450\" src=\"https:\/\/lasdlanas.pl\/wp-content\/uploads\/2022\/09\/hotelA.jpg\" alt class=\"wp-image-1625\" srcset=\"https:\/\/lasdlanas.pl\/wp-content\/uploads\/2022\/09\/hotelA.jpg 800w, https:\/\/lasdlanas.pl\/wp-content\/uploads\/2022\/09\/hotelA-300x169.jpg 300w, https:\/\/lasdlanas.pl\/wp-content\/uploads\/2022\/09\/hotelA-768x432.jpg 768w\" sizes=\"auto, (max-width: 800px) 100vw, 800px\" \/><\/a><\/figure>\n\nHotel B<br>ul. Wypoczynkowa 20<br>Sopot\n\n<figure class=\"wp-block-image size-full\"><a ><img loading=\"lazy\" decoding=\"async\" width=\"800\" height=\"450\" src=\"https:\/\/lasdlanas.pl\/wp-content\/uploads\/2022\/09\/hotelB.jpg\" alt class=\"wp-image-1626\" srcset=\"https:\/\/lasdlanas.pl\/wp-content\/uploads\/2022\/09\/hotelB.jpg 800w, https:\/\/lasdlanas.pl\/wp-content\/uploads\/2022\/09\/hotelB-300x169.jpg 300w, https:\/\/lasdlanas.pl\/wp-content\/uploads\/2022\/09\/hotelB-768x432.jpg 768w\" sizes=\"auto, (max-width: 800px) 100vw, 800px\" \/><\/a><\/figure>\n\n<h3 class=\"wp-block-heading\">Obiekty demo<\/h3>\n\nHotel Batory<br>\nul. So\u0142tyka 19,\n31-529 Krak\u00f3w, Polska\n\n<figure class=\"wp-block-image size-full\"><a ><img loading=\"lazy\" decoding=\"async\" width=\"1500\" height=\"1000\" src=\"https:\/\/lasdlanas.pl\/wp-content\/uploads\/2023\/05\/Hotel-Batory.webp\" alt class=\"wp-image-1933\" srcset=\"https:\/\/lasdlanas.pl\/wp-content\/uploads\/2023\/05\/Hotel-Batory.webp 1500w, https:\/\/lasdlanas.pl\/wp-content\/uploads\/2023\/05\/Hotel-Batory-300x200.webp 300w, https:\/\/lasdlanas.pl\/wp-content\/uploads\/2023\/05\/Hotel-Batory-1024x683.webp 1024w, https:\/\/lasdlanas.pl\/wp-content\/uploads\/2023\/05\/Hotel-Batory-768x512.webp 768w\" sizes=\"auto, (max-width: 1500px) 100vw, 1500px\" \/><\/a><\/figure>\n\nGrand Ascot Hotel<br>\nul. J\u00f3zefa Szujskiego 4,\n31-123 Krak\u00f3w , Polska\n\n<figure class=\"wp-block-image size-full\"><a ><img loading=\"lazy\" decoding=\"async\" width=\"600\" height=\"400\" src=\"https:\/\/lasdlanas.pl\/wp-content\/uploads\/2024\/09\/107586119.webp\" alt class=\"wp-image-4173\" srcset=\"https:\/\/lasdlanas.pl\/wp-content\/uploads\/2024\/09\/107586119.webp 600w, https:\/\/lasdlanas.pl\/wp-content\/uploads\/2024\/09\/107586119-300x200.webp 300w, https:\/\/lasdlanas.pl\/wp-content\/uploads\/2024\/09\/107586119-18x12.webp 18w\" sizes=\"auto, (max-width: 600px) 100vw, 600px\" \/><\/a><\/figure>\n\nHotel CITY SM Business &#038; SPA<br>\nul.Gajowa 16,\n30-426 Krak\u00f3w , Polska\n\n<figure class=\"wp-block-image size-large\"><a ><img loading=\"lazy\" decoding=\"async\" width=\"1024\" height=\"683\" src=\"https:\/\/lasdlanas.pl\/wp-content\/uploads\/2024\/10\/zdjecie-hotelu-1-1024x683.webp\" alt class=\"wp-image-4244\" srcset=\"https:\/\/lasdlanas.pl\/wp-content\/uploads\/2024\/10\/zdjecie-hotelu-1-1024x683.webp 1024w, https:\/\/lasdlanas.pl\/wp-content\/uploads\/2024\/10\/zdjecie-hotelu-1-300x200.webp 300w, https:\/\/lasdlanas.pl\/wp-content\/uploads\/2024\/10\/zdjecie-hotelu-1-768x512.webp 768w, https:\/\/lasdlanas.pl\/wp-content\/uploads\/2024\/10\/zdjecie-hotelu-1-18x12.webp 18w, https:\/\/lasdlanas.pl\/wp-content\/uploads\/2024\/10\/zdjecie-hotelu-1.webp 1080w\" sizes=\"auto, (max-width: 1024px) 100vw, 1024px\" \/><\/a><\/figure>\n\nLemon Resort SPA<br>\nGr\u00f3dek nad Dunajcem 83<br>\n33-318 Polska\n\n<figure class=\"wp-block-image size-full\"><a ><img loading=\"lazy\" decoding=\"async\" width=\"640\" height=\"480\" src=\"https:\/\/lasdlanas.pl\/wp-content\/uploads\/2025\/01\/202109150955010.1.webp\" alt class=\"wp-image-4304\" srcset=\"https:\/\/lasdlanas.pl\/wp-content\/uploads\/2025\/01\/202109150955010.1.webp 640w, https:\/\/lasdlanas.pl\/wp-content\/uploads\/2025\/01\/202109150955010.1-300x225.webp 300w, https:\/\/lasdlanas.pl\/wp-content\/uploads\/2025\/01\/202109150955010.1-16x12.webp 16w\" sizes=\"auto, (max-width: 640px) 100vw, 640px\" \/><\/a><\/figure>\n\nNew Port<br>\nBulwar Wo\u0142y\u0144ski 4<br>\n30-302 Krak\u00f3w\n\n<figure class=\"wp-block-image size-full\"><a ><img loading=\"lazy\" decoding=\"async\" width=\"1920\" height=\"1280\" src=\"https:\/\/lasdlanas.pl\/wp-content\/uploads\/2025\/02\/4zP7vILzmdGQq9cS.webp\" alt class=\"wp-image-4426\" srcset=\"https:\/\/lasdlanas.pl\/wp-content\/uploads\/2025\/02\/4zP7vILzmdGQq9cS.webp 1920w, https:\/\/lasdlanas.pl\/wp-content\/uploads\/2025\/02\/4zP7vILzmdGQq9cS-300x200.webp 300w, https:\/\/lasdlanas.pl\/wp-content\/uploads\/2025\/02\/4zP7vILzmdGQq9cS-1024x683.webp 1024w, https:\/\/lasdlanas.pl\/wp-content\/uploads\/2025\/02\/4zP7vILzmdGQq9cS-768x512.webp 768w, https:\/\/lasdlanas.pl\/wp-content\/uploads\/2025\/02\/4zP7vILzmdGQq9cS-1536x1024.webp 1536w, https:\/\/lasdlanas.pl\/wp-content\/uploads\/2025\/02\/4zP7vILzmdGQq9cS-18x12.webp 18w\" sizes=\"auto, (max-width: 1920px) 100vw, 1920px\" \/><\/a><\/figure>\n\nNOMADIC Urban Premium Suites<br>\n\u015aw. Tomasza 27<br>\n31-027 Krak\u00f3w\n\n<figure class=\"wp-block-image size-full\"><a ><img loading=\"lazy\" decoding=\"async\" width=\"1920\" height=\"1080\" src=\"https:\/\/lasdlanas.pl\/wp-content\/uploads\/2025\/02\/7f1ce857-4e22-4e04-89ce-5bfa0b23efb6.webp\" alt class=\"wp-image-4519\" srcset=\"https:\/\/lasdlanas.pl\/wp-content\/uploads\/2025\/02\/7f1ce857-4e22-4e04-89ce-5bfa0b23efb6.webp 1920w, https:\/\/lasdlanas.pl\/wp-content\/uploads\/2025\/02\/7f1ce857-4e22-4e04-89ce-5bfa0b23efb6-300x169.webp 300w, https:\/\/lasdlanas.pl\/wp-content\/uploads\/2025\/02\/7f1ce857-4e22-4e04-89ce-5bfa0b23efb6-1024x576.webp 1024w, https:\/\/lasdlanas.pl\/wp-content\/uploads\/2025\/02\/7f1ce857-4e22-4e04-89ce-5bfa0b23efb6-768x432.webp 768w, https:\/\/lasdlanas.pl\/wp-content\/uploads\/2025\/02\/7f1ce857-4e22-4e04-89ce-5bfa0b23efb6-1536x864.webp 1536w, https:\/\/lasdlanas.pl\/wp-content\/uploads\/2025\/02\/7f1ce857-4e22-4e04-89ce-5bfa0b23efb6-18x10.webp 18w\" sizes=\"auto, (max-width: 1920px) 100vw, 1920px\" \/><\/a><\/figure>","protected":false},"excerpt":{"rendered":"<p>Wybierz obiekt do przes\u0142ania raportu Ascot Premium Hotel, ul. Radziwi\u0142\u0142owska 3, 31-026 Krak\u00f3w Hotel Aul. Kolorwa 20Brenna Hotel Bul. Wypoczynkowa 20Sopot Obiekty demo Hotel Batory ul. So\u0142tyka 19, 31-529 Krak\u00f3w, Polska Grand Ascot Hotel ul. J\u00f3zefa Szujskiego 4, 31-123 Krak\u00f3w , Polska Hotel CITY SM Business &#038; SPA ul.Gajowa 16, 30-426 Krak\u00f3w , Polska Lemon [&hellip;]<\/p>","protected":false},"author":1,"featured_media":0,"parent":0,"menu_order":0,"comment_status":"closed","ping_status":"closed","template":"","meta":{"footnotes":""},"class_list":["post-1558","page","type-page","status-publish","hentry"],"_links":{"self":[{"href":"https:\/\/lasdlanas.pl\/en\/wp-json\/wp\/v2\/pages\/1558","targetHints":{"allow":["GET"]}}],"collection":[{"href":"https:\/\/lasdlanas.pl\/en\/wp-json\/wp\/v2\/pages"}],"about":[{"href":"https:\/\/lasdlanas.pl\/en\/wp-json\/wp\/v2\/types\/page"}],"author":[{"embeddable":true,"href":"https:\/\/lasdlanas.pl\/en\/wp-json\/wp\/v2\/users\/1"}],"replies":[{"embeddable":true,"href":"https:\/\/lasdlanas.pl\/en\/wp-json\/wp\/v2\/comments?post=1558"}],"version-history":[{"count":40,"href":"https:\/\/lasdlanas.pl\/en\/wp-json\/wp\/v2\/pages\/1558\/revisions"}],"predecessor-version":[{"id":4528,"href":"https:\/\/lasdlanas.pl\/en\/wp-json\/wp\/v2\/pages\/1558\/revisions\/4528"}],"wp:attachment":[{"href":"https:\/\/lasdlanas.pl\/en\/wp-json\/wp\/v2\/media?parent=1558"}],"curies":[{"name":"wp","href":"https:\/\/api.w.org\/{rel}","templated":true}]}}