{"id":1665,"date":"2022-09-28T12:20:45","date_gmt":"2022-09-28T12:20:45","guid":{"rendered":"https:\/\/lasdlanas.pl\/?page_id=1665"},"modified":"2024-09-19T08:04:26","modified_gmt":"2024-09-19T08:04:26","slug":"raport-hotel-a","status":"publish","type":"page","link":"https:\/\/lasdlanas.pl\/en\/raporty\/raport-hotel-a\/","title":{"rendered":"Raport Hotel A"},"content":{"rendered":"<figure class=\"wp-block-image size-full\"><img loading=\"lazy\" decoding=\"async\" width=\"800\" height=\"450\" src=\"https:\/\/lasdlanas.pl\/wp-content\/uploads\/2022\/09\/hotelA.jpg\" alt class=\"wp-image-1625\" srcset=\"https:\/\/lasdlanas.pl\/wp-content\/uploads\/2022\/09\/hotelA.jpg 800w, https:\/\/lasdlanas.pl\/wp-content\/uploads\/2022\/09\/hotelA-300x169.jpg 300w, https:\/\/lasdlanas.pl\/wp-content\/uploads\/2022\/09\/hotelA-768x432.jpg 768w\" sizes=\"auto, (max-width: 800px) 100vw, 800px\" \/><\/figure>\n\nHotel A<br>ul. Kolorwa 20<br>Brenna<br>\n\n<div class=\"wrap view_page\"><div id=\"poststuff\" class=\"metabox-holder\"><div id=\"post-body\"><div class=\"inside\"><div class=\"frm_settings_form wrap_content arf_view_list_forms\" id=\"arf_view_list_form\"><div class=\"arf_pp_full_width arf_view_form_wrapper\" method=\"get\" id=\"arf_view_forms\" data-form-id=\"100\"><input type=\"hidden\" name=\"arfview_ajaxurl\" id=\"arfview_ajaxurl\" value=\"https:\/\/lasdlanas.pl\/wp-admin\/admin-ajax.php\"\/><input type=\"hidden\" id=\"form_id\" name=\"form_id\" value=\"100\"\/><input type=\"hidden\" id=\"col_order_type\" value=\"1\" \/><div class=\"arf_list_view_wrapper\"><div class=\"arf_list_view_entry_wrapper\"><div class=\"arf_list_view_title_wrapper\"><p class=\"arf_list_title_data\">2026-02-12<\/p><\/div><div class=\"arf_list_view_content_wrapper\">Parter:<p class=\"arf_list_content_data\">Pok\u00f3j 107<\/p>\r\nPi\u0119tro 1:<p class=\"arf_list_content_data\">Pok\u00f3j 208<\/p>\r\nPi\u0119tro 2:<p class=\"arf_list_content_data\">Pok\u00f3j 305<\/p><\/div><\/div><div class=\"arf_list_view_entry_wrapper\"><div class=\"arf_list_view_title_wrapper\"><p class=\"arf_list_title_data\">2025-09-10<\/p><\/div><div class=\"arf_list_view_content_wrapper\">Parter:<p class=\"arf_list_content_data\">Pok\u00f3j 107<\/p>\r\nPi\u0119tro 1:<p class=\"arf_list_content_data\">Pok\u00f3j 202,Pok\u00f3j 212<\/p>\r\nPi\u0119tro 2:<p class=\"arf_list_content_data\">Pok\u00f3j 302<\/p><\/div><\/div><div class=\"arf_list_view_entry_wrapper\"><div class=\"arf_list_view_title_wrapper\"><p class=\"arf_list_title_data\">2025-09-10<\/p><\/div><div class=\"arf_list_view_content_wrapper\">Parter:<p class=\"arf_list_content_data\">Pok\u00f3j 104<\/p>\r\nPi\u0119tro 1:<p class=\"arf_list_content_data\">Pok\u00f3j 211<\/p>\r\nPi\u0119tro 2:<p class=\"arf_list_content_data\">Pok\u00f3j 306,Pok\u00f3j 309<\/p><\/div><\/div><div class=\"arf_list_view_entry_wrapper\"><div class=\"arf_list_view_title_wrapper\"><p class=\"arf_list_title_data\">2025-04-03<\/p><\/div><div class=\"arf_list_view_content_wrapper\">Parter:<p class=\"arf_list_content_data\">Pok\u00f3j 104<\/p>\r\nPi\u0119tro 1:<p class=\"arf_list_content_data\">Pok\u00f3j 205<\/p>\r\nPi\u0119tro 2:<p class=\"arf_list_content_data\">Pok\u00f3j 303<\/p><\/div><\/div><div class=\"arf_list_view_entry_wrapper\"><div class=\"arf_list_view_title_wrapper\"><p class=\"arf_list_title_data\">2025-03-28<\/p><\/div><div class=\"arf_list_view_content_wrapper\">Parter:<p class=\"arf_list_content_data\">Pok\u00f3j 107<\/p>\r\nPi\u0119tro 1:<p class=\"arf_list_content_data\">Pok\u00f3j 208,Pok\u00f3j 211,Pok\u00f3j 212<\/p>\r\nPi\u0119tro 2:<p class=\"arf_list_content_data\">-<\/p><\/div><\/div><div class=\"arf_list_view_entry_wrapper\"><div class=\"arf_list_view_title_wrapper\"><p class=\"arf_list_title_data\">2025-03-21<\/p><\/div><div class=\"arf_list_view_content_wrapper\">Parter:<p class=\"arf_list_content_data\">-<\/p>\r\nPi\u0119tro 1:<p class=\"arf_list_content_data\">Pok\u00f3j 201,Pok\u00f3j 211<\/p>\r\nPi\u0119tro 2:<p class=\"arf_list_content_data\">Pok\u00f3j 302,Pok\u00f3j 309<\/p><\/div><\/div><div class=\"arf_list_view_entry_wrapper\"><div class=\"arf_list_view_title_wrapper\"><p class=\"arf_list_title_data\">2025-02-27<\/p><\/div><div class=\"arf_list_view_content_wrapper\">Parter:<p class=\"arf_list_content_data\">Pok\u00f3j 101,Pok\u00f3j 104,Pok\u00f3j 107<\/p>\r\nPi\u0119tro 1:<p class=\"arf_list_content_data\">-<\/p>\r\nPi\u0119tro 2:<p class=\"arf_list_content_data\">-<\/p><\/div><\/div><div class=\"arf_list_view_entry_wrapper\"><div class=\"arf_list_view_title_wrapper\"><p class=\"arf_list_title_data\">2025-02-07<\/p><\/div><div class=\"arf_list_view_content_wrapper\">Parter:<p class=\"arf_list_content_data\">Pok\u00f3j 101,Pok\u00f3j 103,Pok\u00f3j 108<\/p>\r\nPi\u0119tro 1:<p class=\"arf_list_content_data\">Pok\u00f3j 204,Pok\u00f3j 206,Pok\u00f3j 211,Pok\u00f3j 215<\/p>\r\nPi\u0119tro 2:<p class=\"arf_list_content_data\">Pok\u00f3j 301,Pok\u00f3j 305,Pok\u00f3j 306<\/p><\/div><\/div><div class=\"arf_list_view_entry_wrapper\"><div class=\"arf_list_view_title_wrapper\"><p class=\"arf_list_title_data\">2024-11-28<\/p><\/div><div class=\"arf_list_view_content_wrapper\">Parter:<p class=\"arf_list_content_data\">Pok\u00f3j 104<\/p>\r\nPi\u0119tro 1:<p class=\"arf_list_content_data\">Pok\u00f3j 205<\/p>\r\nPi\u0119tro 2:<p class=\"arf_list_content_data\">Pok\u00f3j 303<\/p><\/div><\/div><div class=\"arf_list_view_entry_wrapper\"><div class=\"arf_list_view_title_wrapper\"><p class=\"arf_list_title_data\">2024-11-25<\/p><\/div><div class=\"arf_list_view_content_wrapper\">Parter:<p class=\"arf_list_content_data\">Pok\u00f3j 104<\/p>\r\nPi\u0119tro 1:<p class=\"arf_list_content_data\">Pok\u00f3j 205<\/p>\r\nPi\u0119tro 2:<p class=\"arf_list_content_data\">Pok\u00f3j 306,Pok\u00f3j 309<\/p><\/div><\/div><div class=\"arf_list_view_entry_wrapper\"><div class=\"arf_list_view_title_wrapper\"><p class=\"arf_list_title_data\">2024-11-25<\/p><\/div><div class=\"arf_list_view_content_wrapper\">Parter:<p class=\"arf_list_content_data\">Pok\u00f3j 104<\/p>\r\nPi\u0119tro 1:<p class=\"arf_list_content_data\">Pok\u00f3j 205<\/p>\r\nPi\u0119tro 2:<p class=\"arf_list_content_data\">Pok\u00f3j 303<\/p><\/div><\/div><div class=\"arf_list_view_entry_wrapper\"><div class=\"arf_list_view_title_wrapper\"><p class=\"arf_list_title_data\">2024-11-14<\/p><\/div><div class=\"arf_list_view_content_wrapper\">Parter:<p class=\"arf_list_content_data\">Pok\u00f3j 105<\/p>\r\nPi\u0119tro 1:<p class=\"arf_list_content_data\">Pok\u00f3j 205,Pok\u00f3j 208,Pok\u00f3j 212<\/p>\r\nPi\u0119tro 2:<p class=\"arf_list_content_data\">Pok\u00f3j 303,Pok\u00f3j 306<\/p><\/div><\/div><div class=\"arf_list_view_entry_wrapper\"><div class=\"arf_list_view_title_wrapper\"><p class=\"arf_list_title_data\">2024-11-05<\/p><\/div><div class=\"arf_list_view_content_wrapper\">Parter:<p class=\"arf_list_content_data\">Pok\u00f3j 104,Pok\u00f3j 106<\/p>\r\nPi\u0119tro 1:<p class=\"arf_list_content_data\">Pok\u00f3j 207,Pok\u00f3j 208<\/p>\r\nPi\u0119tro 2:<p class=\"arf_list_content_data\">Pok\u00f3j 302<\/p><\/div><\/div><div class=\"arf_list_view_entry_wrapper\"><div class=\"arf_list_view_title_wrapper\"><p class=\"arf_list_title_data\">2024-10-28<\/p><\/div><div class=\"arf_list_view_content_wrapper\">Parter:<p class=\"arf_list_content_data\">Pok\u00f3j 104,Pok\u00f3j 108<\/p>\r\nPi\u0119tro 1:<p class=\"arf_list_content_data\">Pok\u00f3j 202,Pok\u00f3j 207,Pok\u00f3j 208,Pok\u00f3j 212,Pok\u00f3j 215<\/p>\r\nPi\u0119tro 2:<p class=\"arf_list_content_data\">Pok\u00f3j 305,Pok\u00f3j 307,Pok\u00f3j 310<\/p><\/div><\/div><div class=\"arf_list_view_entry_wrapper\"><div class=\"arf_list_view_title_wrapper\"><p class=\"arf_list_title_data\">2024-10-28<\/p><\/div><div class=\"arf_list_view_content_wrapper\">Parter:<p class=\"arf_list_content_data\">Pok\u00f3j 103,Pok\u00f3j 104,Pok\u00f3j 108<\/p>\r\nPi\u0119tro 1:<p class=\"arf_list_content_data\">Pok\u00f3j 202,Pok\u00f3j 204,Pok\u00f3j 210,Pok\u00f3j 212<\/p>\r\nPi\u0119tro 2:<p class=\"arf_list_content_data\">Pok\u00f3j 304,Pok\u00f3j 308<\/p><\/div><\/div><div class=\"arf_list_view_entry_wrapper\"><div class=\"arf_list_view_title_wrapper\"><p class=\"arf_list_title_data\">2024-10-23<\/p><\/div><div class=\"arf_list_view_content_wrapper\">Parter:<p class=\"arf_list_content_data\">Pok\u00f3j 104<\/p>\r\nPi\u0119tro 1:<p class=\"arf_list_content_data\">Pok\u00f3j 202<\/p>\r\nPi\u0119tro 2:<p class=\"arf_list_content_data\">Pok\u00f3j 308,Pok\u00f3j 309<\/p><\/div><\/div><div class=\"arf_list_view_entry_wrapper\"><div class=\"arf_list_view_title_wrapper\"><p class=\"arf_list_title_data\">2024-10-16<\/p><\/div><div class=\"arf_list_view_content_wrapper\">Parter:<p class=\"arf_list_content_data\">Pok\u00f3j 108<\/p>\r\nPi\u0119tro 1:<p class=\"arf_list_content_data\">Pok\u00f3j 205,Pok\u00f3j 207,Pok\u00f3j 215<\/p>\r\nPi\u0119tro 2:<p class=\"arf_list_content_data\">Pok\u00f3j 302<\/p><\/div><\/div><div class=\"arf_list_view_entry_wrapper\"><div class=\"arf_list_view_title_wrapper\"><p class=\"arf_list_title_data\">2024-10-16<\/p><\/div><div class=\"arf_list_view_content_wrapper\">Parter:<p class=\"arf_list_content_data\">-<\/p>\r\nPi\u0119tro 1:<p class=\"arf_list_content_data\">Pok\u00f3j 211<\/p>\r\nPi\u0119tro 2:<p class=\"arf_list_content_data\">Pok\u00f3j 301,Pok\u00f3j 306<\/p><\/div><\/div><div class=\"arf_list_view_entry_wrapper\"><div class=\"arf_list_view_title_wrapper\"><p class=\"arf_list_title_data\">2024-10-08<\/p><\/div><div class=\"arf_list_view_content_wrapper\">Parter:<p class=\"arf_list_content_data\">Pok\u00f3j 107<\/p>\r\nPi\u0119tro 1:<p class=\"arf_list_content_data\">Pok\u00f3j 202<\/p>\r\nPi\u0119tro 2:<p class=\"arf_list_content_data\">Pok\u00f3j 302,Pok\u00f3j 303<\/p><\/div><\/div><div class=\"arf_list_view_entry_wrapper\"><div class=\"arf_list_view_title_wrapper\"><p class=\"arf_list_title_data\">2024-10-08<\/p><\/div><div class=\"arf_list_view_content_wrapper\">Parter:<p class=\"arf_list_content_data\">Pok\u00f3j 107<\/p>\r\nPi\u0119tro 1:<p class=\"arf_list_content_data\">Pok\u00f3j 214<\/p>\r\nPi\u0119tro 2:<p class=\"arf_list_content_data\">Pok\u00f3j 302,Pok\u00f3j 305<\/p><\/div><\/div><\/div><div class=\"arf_table_view_paginate_link_wrapper\"><ul class=\"arf_table_view_page_numbers\"><li class=\"arf_page_number_wrapper_item\" data-page=\"1\"><span class='arf_table_view_page_number_item'>1<\/span><\/li><li class=\"arf_page_number_wrapper_item\" data-page=\"2\"><a data-current-page='2' class='arf_table_view_page_number_item' href='https:\/\/lasdlanas.pl\/en\/raporty\/raport-hotel-a\/?pagenum=2'>2<\/a><\/li><li class=\"arf_page_number_wrapper_item\" data-page=\"3\"><a data-current-page='3' class='arf_table_view_page_number_item' href='https:\/\/lasdlanas.pl\/en\/raporty\/raport-hotel-a\/?pagenum=3'>3<\/a><\/li><li class=\"arf_page_number_wrapper_item\" data-page=\"4\"><a data-current-page='4' class='arf_table_view_page_number_item' href='https:\/\/lasdlanas.pl\/en\/raporty\/raport-hotel-a\/?pagenum=4'>4<\/a><\/li><li class=\"arf_next_page_wrapper_item\"><a href=\"https:\/\/lasdlanas.pl\/en\/raporty\/raport-hotel-a\/?pagenum=2\" class=\"arf_table_view_page_number_item next_page\" data-current-page=\"2\">&raquo;<\/a><\/li><\/ul><\/div><div class=\"clear\"><\/div><input type=\"hidden\" class=\"arf_view_form_entry_data_100\" value='{\"1556\":{\"125\":\"date^|^2026-02-12\",\"126\":\"checkbox^|^Pok\\u00f3j 107\",\"127\":\"checkbox^|^Pok\\u00f3j 208\",\"133\":\"checkbox^|^Pok\\u00f3j 305\"},\"1393\":{\"125\":\"date^|^2025-09-10\",\"126\":\"checkbox^|^Pok\\u00f3j 107\",\"127\":\"checkbox^|^Pok\\u00f3j 202,Pok\\u00f3j 212\",\"133\":\"checkbox^|^Pok\\u00f3j 302\"},\"1428\":{\"125\":\"date^|^2025-09-10\",\"126\":\"checkbox^|^Pok\\u00f3j 104\",\"127\":\"checkbox^|^Pok\\u00f3j 211\",\"133\":\"checkbox^|^Pok\\u00f3j 306,Pok\\u00f3j 309\"},\"934\":{\"125\":\"date^|^2025-04-03\",\"126\":\"checkbox^|^Pok\\u00f3j 104\",\"127\":\"checkbox^|^Pok\\u00f3j 205\",\"133\":\"checkbox^|^Pok\\u00f3j 303\"},\"911\":{\"125\":\"date^|^2025-03-28\",\"126\":\"checkbox^|^Pok\\u00f3j 107\",\"127\":\"checkbox^|^Pok\\u00f3j 208,Pok\\u00f3j 211,Pok\\u00f3j 212\",\"133\":\"checkbox^|^\"},\"901\":{\"125\":\"date^|^2025-03-21\",\"126\":\"checkbox^|^\",\"127\":\"checkbox^|^Pok\\u00f3j 201,Pok\\u00f3j 211\",\"133\":\"checkbox^|^Pok\\u00f3j 302,Pok\\u00f3j 309\"},\"791\":{\"125\":\"date^|^2025-02-27\",\"126\":\"checkbox^|^Pok\\u00f3j 101,Pok\\u00f3j 104,Pok\\u00f3j 107\",\"127\":\"checkbox^|^\",\"133\":\"checkbox^|^\"},\"896\":{\"125\":\"date^|^2025-02-07\",\"126\":\"checkbox^|^Pok\\u00f3j 101,Pok\\u00f3j 103,Pok\\u00f3j 108\",\"127\":\"checkbox^|^Pok\\u00f3j 204,Pok\\u00f3j 206,Pok\\u00f3j 211,Pok\\u00f3j 215\",\"133\":\"checkbox^|^Pok\\u00f3j 301,Pok\\u00f3j 305,Pok\\u00f3j 306\"},\"715\":{\"125\":\"date^|^2024-11-28\",\"126\":\"checkbox^|^Pok\\u00f3j 104\",\"127\":\"checkbox^|^Pok\\u00f3j 205\",\"133\":\"checkbox^|^Pok\\u00f3j 303\"},\"567\":{\"125\":\"date^|^2024-11-25\",\"126\":\"checkbox^|^Pok\\u00f3j 104\",\"127\":\"checkbox^|^Pok\\u00f3j 205\",\"133\":\"checkbox^|^Pok\\u00f3j 306,Pok\\u00f3j 309\"},\"569\":{\"125\":\"date^|^2024-11-25\",\"126\":\"checkbox^|^Pok\\u00f3j 104\",\"127\":\"checkbox^|^Pok\\u00f3j 205\",\"133\":\"checkbox^|^Pok\\u00f3j 303\"},\"493\":{\"125\":\"date^|^2024-11-14\",\"126\":\"checkbox^|^Pok\\u00f3j 105\",\"127\":\"checkbox^|^Pok\\u00f3j 205,Pok\\u00f3j 208,Pok\\u00f3j 212\",\"133\":\"checkbox^|^Pok\\u00f3j 303,Pok\\u00f3j 306\"},\"488\":{\"125\":\"date^|^2024-11-05\",\"126\":\"checkbox^|^Pok\\u00f3j 104,Pok\\u00f3j 106\",\"127\":\"checkbox^|^Pok\\u00f3j 207,Pok\\u00f3j 208\",\"133\":\"checkbox^|^Pok\\u00f3j 302\"},\"483\":{\"125\":\"date^|^2024-10-28\",\"126\":\"checkbox^|^Pok\\u00f3j 104,Pok\\u00f3j 108\",\"127\":\"checkbox^|^Pok\\u00f3j 202,Pok\\u00f3j 207,Pok\\u00f3j 208,Pok\\u00f3j 212,Pok\\u00f3j 215\",\"133\":\"checkbox^|^Pok\\u00f3j 305,Pok\\u00f3j 307,Pok\\u00f3j 310\"},\"487\":{\"125\":\"date^|^2024-10-28\",\"126\":\"checkbox^|^Pok\\u00f3j 103,Pok\\u00f3j 104,Pok\\u00f3j 108\",\"127\":\"checkbox^|^Pok\\u00f3j 202,Pok\\u00f3j 204,Pok\\u00f3j 210,Pok\\u00f3j 212\",\"133\":\"checkbox^|^Pok\\u00f3j 304,Pok\\u00f3j 308\"},\"489\":{\"125\":\"date^|^2024-10-23\",\"126\":\"checkbox^|^Pok\\u00f3j 104\",\"127\":\"checkbox^|^Pok\\u00f3j 202\",\"133\":\"checkbox^|^Pok\\u00f3j 308,Pok\\u00f3j 309\"},\"470\":{\"125\":\"date^|^2024-10-16\",\"126\":\"checkbox^|^Pok\\u00f3j 108\",\"127\":\"checkbox^|^Pok\\u00f3j 205,Pok\\u00f3j 207,Pok\\u00f3j 215\",\"133\":\"checkbox^|^Pok\\u00f3j 302\"},\"478\":{\"125\":\"date^|^2024-10-16\",\"126\":\"checkbox^|^\",\"127\":\"checkbox^|^Pok\\u00f3j 211\",\"133\":\"checkbox^|^Pok\\u00f3j 301,Pok\\u00f3j 306\"},\"406\":{\"125\":\"date^|^2024-10-08\",\"126\":\"checkbox^|^Pok\\u00f3j 107\",\"127\":\"checkbox^|^Pok\\u00f3j 202\",\"133\":\"checkbox^|^Pok\\u00f3j 302,Pok\\u00f3j 303\"},\"409\":{\"125\":\"date^|^2024-10-08\",\"126\":\"checkbox^|^Pok\\u00f3j 107\",\"127\":\"checkbox^|^Pok\\u00f3j 214\",\"133\":\"checkbox^|^Pok\\u00f3j 302,Pok\\u00f3j 305\"}}' \/><input type=\"hidden\" class=\"arf_view_form_editable_fields_100\" value='[]' \/><input type=\"hidden\" name=\"show_hide_columns\" id=\"show_hide_columns\" value=\"Show \/ Hide columns\"\/><input type=\"hidden\" name=\"search_grid\" id=\"search_grid\" value=\"Search\"\/><input type=\"hidden\" name=\"entries_grid\" id=\"entries_grid\" value=\"entries\"\/><input type=\"hidden\" name=\"show_grid\" id=\"show_grid\" value=\"Show\"\/><input type=\"hidden\" name=\"showing_grid\" id=\"showing_grid\" value=\"Showing\"\/><input type=\"hidden\" name=\"to_grid\" id=\"to_grid\" value=\"to\"\/><input type=\"hidden\" name=\"of_grid\" id=\"of_grid\" value=\"of\"\/><input type=\"hidden\" name=\"no_match_record_grid\" id=\"no_match_record_grid\" value=\"No matching records found\"\/><input type=\"hidden\" name=\"no_record_grid\" id=\"no_record_grid\" value=\"No data available in table\"\/><input type=\"hidden\" name=\"filter_grid\" id=\"filter_grid\" value=\"filtered from\"\/><input type=\"hidden\" name=\"totalwd_grid\" id=\"totalwd_grid\" value=\"total\"\/><div class=\"footer_grid\"><\/div><\/div><\/div><\/div><\/div><\/div><\/div>\n\n\n<div class=\"wp-block-buttons is-layout-flex wp-block-buttons-is-layout-flex\"><div class=\"wp-block-button\"><a class=\"wp-block-button__link\">Powr\u00f3t do raport\u00f3w<\/a><\/div><\/div>","protected":false},"excerpt":{"rendered":"<p>Hotel Aul. Kolorwa 20Brenna<\/p>","protected":false},"author":1,"featured_media":0,"parent":1663,"menu_order":0,"comment_status":"closed","ping_status":"closed","template":"","meta":{"footnotes":""},"class_list":["post-1665","page","type-page","status-publish","hentry"],"_links":{"self":[{"href":"https:\/\/lasdlanas.pl\/en\/wp-json\/wp\/v2\/pages\/1665","targetHints":{"allow":["GET"]}}],"collection":[{"href":"https:\/\/lasdlanas.pl\/en\/wp-json\/wp\/v2\/pages"}],"about":[{"href":"https:\/\/lasdlanas.pl\/en\/wp-json\/wp\/v2\/types\/page"}],"author":[{"embeddable":true,"href":"https:\/\/lasdlanas.pl\/en\/wp-json\/wp\/v2\/users\/1"}],"replies":[{"embeddable":true,"href":"https:\/\/lasdlanas.pl\/en\/wp-json\/wp\/v2\/comments?post=1665"}],"version-history":[{"count":10,"href":"https:\/\/lasdlanas.pl\/en\/wp-json\/wp\/v2\/pages\/1665\/revisions"}],"predecessor-version":[{"id":4062,"href":"https:\/\/lasdlanas.pl\/en\/wp-json\/wp\/v2\/pages\/1665\/revisions\/4062"}],"up":[{"embeddable":true,"href":"https:\/\/lasdlanas.pl\/en\/wp-json\/wp\/v2\/pages\/1663"}],"wp:attachment":[{"href":"https:\/\/lasdlanas.pl\/en\/wp-json\/wp\/v2\/media?parent=1665"}],"curies":[{"name":"wp","href":"https:\/\/api.w.org\/{rel}","templated":true}]}}