{"id":1667,"date":"2022-09-28T12:21:08","date_gmt":"2022-09-28T12:21:08","guid":{"rendered":"https:\/\/lasdlanas.pl\/?page_id=1667"},"modified":"2024-09-19T08:10:52","modified_gmt":"2024-09-19T08:10:52","slug":"raport-hotel-b","status":"publish","type":"page","link":"https:\/\/lasdlanas.pl\/en\/raporty\/raport-hotel-b\/","title":{"rendered":"Raport Hotel B"},"content":{"rendered":"<figure class=\"wp-block-image size-full\"><img loading=\"lazy\" decoding=\"async\" width=\"800\" height=\"450\" src=\"https:\/\/lasdlanas.pl\/wp-content\/uploads\/2022\/09\/hotelB.jpg\" alt class=\"wp-image-1626\" srcset=\"https:\/\/lasdlanas.pl\/wp-content\/uploads\/2022\/09\/hotelB.jpg 800w, https:\/\/lasdlanas.pl\/wp-content\/uploads\/2022\/09\/hotelB-300x169.jpg 300w, https:\/\/lasdlanas.pl\/wp-content\/uploads\/2022\/09\/hotelB-768x432.jpg 768w\" sizes=\"auto, (max-width: 800px) 100vw, 800px\" \/><\/figure>\n\nHotel B<br>ul. Wypoczynkowa 20<br>Sopot<br>\n\n<div class=\"wrap view_page\"><div id=\"poststuff\" class=\"metabox-holder\"><div id=\"post-body\"><div class=\"inside\"><div class=\"frm_settings_form wrap_content arf_view_list_forms\" id=\"arf_view_list_form\"><div class=\"arf_pp_full_width arf_view_form_wrapper\" method=\"get\" id=\"arf_view_forms\" data-form-id=\"101\"><input type=\"hidden\" name=\"arfview_ajaxurl\" id=\"arfview_ajaxurl\" value=\"https:\/\/lasdlanas.pl\/wp-admin\/admin-ajax.php\"\/><input type=\"hidden\" id=\"form_id\" name=\"form_id\" value=\"101\"\/><input type=\"hidden\" id=\"col_order_type\" value=\"1\" \/><div class=\"arf_list_view_wrapper\"><div class=\"arf_list_view_entry_wrapper\"><div class=\"arf_list_view_title_wrapper\"><p class=\"arf_list_title_data\">2025-04-16<\/p><\/div><div class=\"arf_list_view_content_wrapper\"><p class=\"arf_list_content_data\">Pok\u00f3j 102,Pok\u00f3j 118<\/p>\r\n<p class=\"arf_list_content_data\">Pok\u00f3j 212,Pok\u00f3j 220<\/p>\r\n<p class=\"arf_list_content_data\">Pok\u00f3j 303,Pok\u00f3j 308<\/p><\/div><\/div><div class=\"arf_list_view_entry_wrapper\"><div class=\"arf_list_view_title_wrapper\"><p class=\"arf_list_title_data\">2025-03-26<\/p><\/div><div class=\"arf_list_view_content_wrapper\"><p class=\"arf_list_content_data\">Pok\u00f3j 101<\/p>\r\n<p class=\"arf_list_content_data\">-<\/p>\r\n<p class=\"arf_list_content_data\">-<\/p><\/div><\/div><div class=\"arf_list_view_entry_wrapper\"><div class=\"arf_list_view_title_wrapper\"><p class=\"arf_list_title_data\">2024-09-19<\/p><\/div><div class=\"arf_list_view_content_wrapper\"><p class=\"arf_list_content_data\">Pok\u00f3j 103,Pok\u00f3j 106<\/p>\r\n<p class=\"arf_list_content_data\">Pok\u00f3j 208,Pok\u00f3j 212<\/p>\r\n<p class=\"arf_list_content_data\">Pok\u00f3j 305,Pok\u00f3j 308<\/p><\/div><\/div><div class=\"arf_list_view_entry_wrapper\"><div class=\"arf_list_view_title_wrapper\"><p class=\"arf_list_title_data\">2024-02-13<\/p><\/div><div class=\"arf_list_view_content_wrapper\"><p class=\"arf_list_content_data\">Pok\u00f3j 108<\/p>\r\n<p class=\"arf_list_content_data\">Pok\u00f3j 208<\/p>\r\n<p class=\"arf_list_content_data\">Pok\u00f3j 301,Pok\u00f3j 302,Pok\u00f3j 303<\/p><\/div><\/div><div class=\"arf_list_view_entry_wrapper\"><div class=\"arf_list_view_title_wrapper\"><p class=\"arf_list_title_data\">2023-04-18<\/p><\/div><div class=\"arf_list_view_content_wrapper\"><p class=\"arf_list_content_data\">Pok\u00f3j 108,Pok\u00f3j 119,Pok\u00f3j 121<\/p>\r\n<p class=\"arf_list_content_data\">Pok\u00f3j 208,Pok\u00f3j 215<\/p>\r\n<p class=\"arf_list_content_data\">-<\/p><\/div><\/div><div class=\"arf_list_view_entry_wrapper\"><div class=\"arf_list_view_title_wrapper\"><p class=\"arf_list_title_data\">2023-04-18<\/p><\/div><div class=\"arf_list_view_content_wrapper\"><p class=\"arf_list_content_data\">Pok\u00f3j 110<\/p>\r\n<p class=\"arf_list_content_data\">Pok\u00f3j 211<\/p>\r\n<p class=\"arf_list_content_data\">-<\/p><\/div><\/div><div class=\"arf_list_view_entry_wrapper\"><div class=\"arf_list_view_title_wrapper\"><p class=\"arf_list_title_data\">2022-10-27<\/p><\/div><div class=\"arf_list_view_content_wrapper\"><p class=\"arf_list_content_data\">-<\/p>\r\n<p class=\"arf_list_content_data\">Pok\u00f3j 217<\/p>\r\n<p class=\"arf_list_content_data\">Pok\u00f3j 309<\/p><\/div><\/div><div class=\"arf_list_view_entry_wrapper\"><div class=\"arf_list_view_title_wrapper\"><p class=\"arf_list_title_data\">2022-10-12<\/p><\/div><div class=\"arf_list_view_content_wrapper\"><p class=\"arf_list_content_data\">Pok\u00f3j 101,Pok\u00f3j 102,Pok\u00f3j 105,Pok\u00f3j 108,Pok\u00f3j 110,Pok\u00f3j 113,Pok\u00f3j 116<\/p>\r\n<p class=\"arf_list_content_data\">Pok\u00f3j 201,Pok\u00f3j 202,Pok\u00f3j 204<\/p>\r\n<p class=\"arf_list_content_data\">Pok\u00f3j 305,Pok\u00f3j 308,Pok\u00f3j 309<\/p><\/div><\/div><div class=\"arf_list_view_entry_wrapper\"><div class=\"arf_list_view_title_wrapper\"><p class=\"arf_list_title_data\">2022-10-04<\/p><\/div><div class=\"arf_list_view_content_wrapper\"><p class=\"arf_list_content_data\">Pok\u00f3j 102,Pok\u00f3j 105,Pok\u00f3j 108,Pok\u00f3j 111,Pok\u00f3j 114,Pok\u00f3j 117,Pok\u00f3j 120<\/p>\r\n<p class=\"arf_list_content_data\">-<\/p>\r\n<p class=\"arf_list_content_data\">-<\/p><\/div><\/div><div class=\"arf_list_view_entry_wrapper\"><div class=\"arf_list_view_title_wrapper\"><p class=\"arf_list_title_data\">2022-09-30<\/p><\/div><div class=\"arf_list_view_content_wrapper\"><p class=\"arf_list_content_data\">Pok\u00f3j 119<\/p>\r\n<p class=\"arf_list_content_data\">Pok\u00f3j 219<\/p>\r\n<p class=\"arf_list_content_data\">Pok\u00f3j 310<\/p><\/div><\/div><div class=\"arf_list_view_entry_wrapper\"><div class=\"arf_list_view_title_wrapper\"><p class=\"arf_list_title_data\">2022-09-28<\/p><\/div><div class=\"arf_list_view_content_wrapper\"><p class=\"arf_list_content_data\">Pok\u00f3j 101<\/p>\r\n<p class=\"arf_list_content_data\">-<\/p>\r\n<p class=\"arf_list_content_data\">Pok\u00f3j 308,Pok\u00f3j 309,Pok\u00f3j 310<\/p><\/div><\/div><div class=\"arf_list_view_entry_wrapper\"><div class=\"arf_list_view_title_wrapper\"><p class=\"arf_list_title_data\">2022-09-28<\/p><\/div><div class=\"arf_list_view_content_wrapper\"><p class=\"arf_list_content_data\">-<\/p>\r\n<p class=\"arf_list_content_data\">Pok\u00f3j 207<\/p>\r\n<p class=\"arf_list_content_data\">Pok\u00f3j 307<\/p><\/div><\/div><\/div><div class=\"clear\"><\/div><input type=\"hidden\" class=\"arf_view_form_entry_data_101\" value='{\"935\":{\"147\":\"date^|^2025-04-16\",\"148\":\"checkbox^|^Pok\\u00f3j 102,Pok\\u00f3j 118\",\"149\":\"checkbox^|^Pok\\u00f3j 212,Pok\\u00f3j 220\",\"150\":\"checkbox^|^Pok\\u00f3j 303,Pok\\u00f3j 308\",\"151\":\"break^|^\",\"152\":\"break^|^\",\"153\":\"break^|^\"},\"893\":{\"147\":\"date^|^2025-03-26\",\"148\":\"checkbox^|^Pok\\u00f3j 101\",\"149\":\"checkbox^|^\",\"150\":\"checkbox^|^\",\"151\":\"break^|^\",\"152\":\"break^|^\",\"153\":\"break^|^\"},\"396\":{\"147\":\"date^|^2024-09-19\",\"148\":\"checkbox^|^Pok\\u00f3j 103,Pok\\u00f3j 106\",\"149\":\"checkbox^|^Pok\\u00f3j 208,Pok\\u00f3j 212\",\"150\":\"checkbox^|^Pok\\u00f3j 305,Pok\\u00f3j 308\",\"151\":\"break^|^\",\"152\":\"break^|^\",\"153\":\"break^|^\"},\"293\":{\"147\":\"date^|^2024-02-13\",\"148\":\"checkbox^|^Pok\\u00f3j 108\",\"149\":\"checkbox^|^Pok\\u00f3j 208\",\"150\":\"checkbox^|^Pok\\u00f3j 301,Pok\\u00f3j 302,Pok\\u00f3j 303\",\"151\":\"break^|^\",\"152\":\"break^|^\",\"153\":\"break^|^\"},\"52\":{\"147\":\"date^|^2023-04-18\",\"148\":\"checkbox^|^Pok\\u00f3j 108,Pok\\u00f3j 119,Pok\\u00f3j 121\",\"149\":\"checkbox^|^Pok\\u00f3j 208,Pok\\u00f3j 215\",\"150\":\"checkbox^|^\",\"151\":\"break^|^\",\"152\":\"break^|^\",\"153\":\"break^|^\"},\"53\":{\"147\":\"date^|^2023-04-18\",\"148\":\"checkbox^|^Pok\\u00f3j 110\",\"149\":\"checkbox^|^Pok\\u00f3j 211\",\"150\":\"checkbox^|^\",\"151\":\"break^|^\",\"152\":\"break^|^\",\"153\":\"break^|^\"},\"33\":{\"147\":\"date^|^2022-10-27\",\"148\":\"checkbox^|^\",\"149\":\"checkbox^|^Pok\\u00f3j 217\",\"150\":\"checkbox^|^Pok\\u00f3j 309\",\"151\":\"break^|^\",\"152\":\"break^|^\",\"153\":\"break^|^\"},\"25\":{\"147\":\"date^|^2022-10-12\",\"148\":\"checkbox^|^Pok\\u00f3j 101,Pok\\u00f3j 102,Pok\\u00f3j 105,Pok\\u00f3j 108,Pok\\u00f3j 110,Pok\\u00f3j 113,Pok\\u00f3j 116\",\"149\":\"checkbox^|^Pok\\u00f3j 201,Pok\\u00f3j 202,Pok\\u00f3j 204\",\"150\":\"checkbox^|^Pok\\u00f3j 305,Pok\\u00f3j 308,Pok\\u00f3j 309\",\"151\":\"break^|^\",\"152\":\"break^|^\",\"153\":\"break^|^\"},\"23\":{\"147\":\"date^|^2022-10-04\",\"148\":\"checkbox^|^Pok\\u00f3j 102,Pok\\u00f3j 105,Pok\\u00f3j 108,Pok\\u00f3j 111,Pok\\u00f3j 114,Pok\\u00f3j 117,Pok\\u00f3j 120\",\"149\":\"checkbox^|^\",\"150\":\"checkbox^|^\",\"151\":\"break^|^\",\"152\":\"break^|^\",\"153\":\"break^|^\"},\"21\":{\"147\":\"date^|^2022-09-30\",\"148\":\"checkbox^|^Pok\\u00f3j 119\",\"149\":\"checkbox^|^Pok\\u00f3j 219\",\"150\":\"checkbox^|^Pok\\u00f3j 310\",\"151\":\"break^|^\",\"152\":\"break^|^\",\"153\":\"break^|^\"},\"17\":{\"147\":\"date^|^2022-09-28\",\"148\":\"checkbox^|^Pok\\u00f3j 101\",\"149\":\"checkbox^|^\",\"150\":\"checkbox^|^Pok\\u00f3j 308,Pok\\u00f3j 309,Pok\\u00f3j 310\",\"151\":\"break^|^\",\"152\":\"break^|^\",\"153\":\"break^|^\"},\"18\":{\"147\":\"date^|^2022-09-28\",\"148\":\"checkbox^|^\",\"149\":\"checkbox^|^Pok\\u00f3j 207\",\"150\":\"checkbox^|^Pok\\u00f3j 307\",\"151\":\"break^|^\",\"152\":\"break^|^\",\"153\":\"break^|^\"}}' \/><input type=\"hidden\" class=\"arf_view_form_editable_fields_101\" value='[]' \/><input type=\"hidden\" name=\"show_hide_columns\" id=\"show_hide_columns\" value=\"Show \/ Hide columns\"\/><input type=\"hidden\" name=\"search_grid\" id=\"search_grid\" value=\"Search\"\/><input type=\"hidden\" name=\"entries_grid\" id=\"entries_grid\" value=\"entries\"\/><input type=\"hidden\" name=\"show_grid\" id=\"show_grid\" value=\"Show\"\/><input type=\"hidden\" name=\"showing_grid\" id=\"showing_grid\" value=\"Showing\"\/><input type=\"hidden\" name=\"to_grid\" id=\"to_grid\" value=\"to\"\/><input type=\"hidden\" name=\"of_grid\" id=\"of_grid\" value=\"of\"\/><input type=\"hidden\" name=\"no_match_record_grid\" id=\"no_match_record_grid\" value=\"No matching records found\"\/><input type=\"hidden\" name=\"no_record_grid\" id=\"no_record_grid\" value=\"No data available in table\"\/><input type=\"hidden\" name=\"filter_grid\" id=\"filter_grid\" value=\"filtered from\"\/><input type=\"hidden\" name=\"totalwd_grid\" id=\"totalwd_grid\" value=\"total\"\/><div class=\"footer_grid\"><\/div><\/div><\/div><\/div><\/div><\/div><\/div>\n\n\n<div class=\"wp-block-buttons is-layout-flex wp-block-buttons-is-layout-flex\"><div class=\"wp-block-button\"><a class=\"wp-block-button__link\">Powr\u00f3t do raport\u00f3w<\/a><\/div><\/div>","protected":false},"excerpt":{"rendered":"<p>Hotel Bul. Wypoczynkowa 20Sopot<\/p>","protected":false},"author":1,"featured_media":0,"parent":1663,"menu_order":0,"comment_status":"closed","ping_status":"closed","template":"","meta":{"footnotes":""},"class_list":["post-1667","page","type-page","status-publish","hentry"],"_links":{"self":[{"href":"https:\/\/lasdlanas.pl\/en\/wp-json\/wp\/v2\/pages\/1667","targetHints":{"allow":["GET"]}}],"collection":[{"href":"https:\/\/lasdlanas.pl\/en\/wp-json\/wp\/v2\/pages"}],"about":[{"href":"https:\/\/lasdlanas.pl\/en\/wp-json\/wp\/v2\/types\/page"}],"author":[{"embeddable":true,"href":"https:\/\/lasdlanas.pl\/en\/wp-json\/wp\/v2\/users\/1"}],"replies":[{"embeddable":true,"href":"https:\/\/lasdlanas.pl\/en\/wp-json\/wp\/v2\/comments?post=1667"}],"version-history":[{"count":7,"href":"https:\/\/lasdlanas.pl\/en\/wp-json\/wp\/v2\/pages\/1667\/revisions"}],"predecessor-version":[{"id":4063,"href":"https:\/\/lasdlanas.pl\/en\/wp-json\/wp\/v2\/pages\/1667\/revisions\/4063"}],"up":[{"embeddable":true,"href":"https:\/\/lasdlanas.pl\/en\/wp-json\/wp\/v2\/pages\/1663"}],"wp:attachment":[{"href":"https:\/\/lasdlanas.pl\/en\/wp-json\/wp\/v2\/media?parent=1667"}],"curies":[{"name":"wp","href":"https:\/\/api.w.org\/{rel}","templated":true}]}}