{"id":1888,"date":"2023-04-28T11:20:05","date_gmt":"2023-04-28T11:20:05","guid":{"rendered":"https:\/\/lasdlanas.pl\/?page_id=1888"},"modified":"2024-09-19T08:06:36","modified_gmt":"2024-09-19T08:06:36","slug":"raport-ascot-premium-hotel","status":"publish","type":"page","link":"https:\/\/lasdlanas.pl\/en\/raporty\/raport-ascot-premium-hotel\/","title":{"rendered":"Raport Ascot Premium Hotel"},"content":{"rendered":"<figure class=\"wp-block-image size-full\"><img loading=\"lazy\" decoding=\"async\" width=\"1500\" height=\"1000\" src=\"https:\/\/lasdlanas.pl\/wp-content\/uploads\/2023\/04\/ascot_premium_r1500.webp\" alt class=\"wp-image-1895\" srcset=\"https:\/\/lasdlanas.pl\/wp-content\/uploads\/2023\/04\/ascot_premium_r1500.webp 1500w, https:\/\/lasdlanas.pl\/wp-content\/uploads\/2023\/04\/ascot_premium_r1500-300x200.webp 300w, https:\/\/lasdlanas.pl\/wp-content\/uploads\/2023\/04\/ascot_premium_r1500-1024x683.webp 1024w, https:\/\/lasdlanas.pl\/wp-content\/uploads\/2023\/04\/ascot_premium_r1500-768x512.webp 768w\" sizes=\"auto, (max-width: 1500px) 100vw, 1500px\" \/><\/figure>\n\nAscot Premium Hotel<br>\nul. Radziwi\u0142\u0142owska 3,<br> 31-026 Krak\u00f3w\n\n<div class=\"wrap view_page\"><div id=\"poststuff\" class=\"metabox-holder\"><div id=\"post-body\"><div class=\"inside\"><div class=\"frm_settings_form wrap_content arf_view_list_forms\" id=\"arf_view_list_form\"><div class=\"arf_pp_full_width arf_view_form_wrapper\" method=\"get\" id=\"arf_view_forms\" data-form-id=\"102\"><input type=\"hidden\" name=\"arfview_ajaxurl\" id=\"arfview_ajaxurl\" value=\"https:\/\/lasdlanas.pl\/wp-admin\/admin-ajax.php\"\/><input type=\"hidden\" id=\"form_id\" name=\"form_id\" value=\"102\"\/><input type=\"hidden\" id=\"col_order_type\" value=\"1\" \/><div class=\"arf_list_view_wrapper\"><div class=\"arf_list_view_entry_wrapper\"><div class=\"arf_list_view_title_wrapper\"><p class=\"arf_list_title_data\">2025-04-30<\/p><\/div><div class=\"arf_list_view_content_wrapper\"><p class=\"arf_list_content_data\">-<\/p>\r\n<p class=\"arf_list_content_data\">-<\/p>\r\n<p class=\"arf_list_content_data\">-<\/p>\r\n<p class=\"arf_list_content_data\">Pok\u00f3j 304,Pok\u00f3j 307<\/p>\r\n<p class=\"arf_list_content_data\">-<\/p>\r\n<p class=\"arf_list_content_data\">-<\/p><\/div><\/div><div class=\"arf_list_view_entry_wrapper\"><div class=\"arf_list_view_title_wrapper\"><p class=\"arf_list_title_data\">2025-04-29<\/p><\/div><div class=\"arf_list_view_content_wrapper\"><p class=\"arf_list_content_data\">-<\/p>\r\n<p class=\"arf_list_content_data\">Pok\u00f3j 101<\/p>\r\n<p class=\"arf_list_content_data\">Pok\u00f3j 201<\/p>\r\n<p class=\"arf_list_content_data\">Pok\u00f3j 302<\/p>\r\n<p class=\"arf_list_content_data\">-<\/p>\r\n<p class=\"arf_list_content_data\">-<\/p><\/div><\/div><div class=\"arf_list_view_entry_wrapper\"><div class=\"arf_list_view_title_wrapper\"><p class=\"arf_list_title_data\">2025-04-28<\/p><\/div><div class=\"arf_list_view_content_wrapper\"><p class=\"arf_list_content_data\">-<\/p>\r\n<p class=\"arf_list_content_data\">-<\/p>\r\n<p class=\"arf_list_content_data\">Pok\u00f3j 210<\/p>\r\n<p class=\"arf_list_content_data\">-<\/p>\r\n<p class=\"arf_list_content_data\">Pok\u00f3j 402<\/p>\r\n<p class=\"arf_list_content_data\">Pok\u00f3j 503<\/p><\/div><\/div><div class=\"arf_list_view_entry_wrapper\"><div class=\"arf_list_view_title_wrapper\"><p class=\"arf_list_title_data\">2025-04-27<\/p><\/div><div class=\"arf_list_view_content_wrapper\"><p class=\"arf_list_content_data\">-<\/p>\r\n<p class=\"arf_list_content_data\">Pok\u00f3j 104<\/p>\r\n<p class=\"arf_list_content_data\">Pok\u00f3j 209<\/p>\r\n<p class=\"arf_list_content_data\">Pok\u00f3j 308<\/p>\r\n<p class=\"arf_list_content_data\">-<\/p>\r\n<p class=\"arf_list_content_data\">-<\/p><\/div><\/div><div class=\"arf_list_view_entry_wrapper\"><div class=\"arf_list_view_title_wrapper\"><p class=\"arf_list_title_data\">2025-04-26<\/p><\/div><div class=\"arf_list_view_content_wrapper\"><p class=\"arf_list_content_data\">-<\/p>\r\n<p class=\"arf_list_content_data\">Pok\u00f3j 104<\/p>\r\n<p class=\"arf_list_content_data\">Pok\u00f3j 205<\/p>\r\n<p class=\"arf_list_content_data\">-<\/p>\r\n<p class=\"arf_list_content_data\">-<\/p>\r\n<p class=\"arf_list_content_data\">Pok\u00f3j 506<\/p><\/div><\/div><div class=\"arf_list_view_entry_wrapper\"><div class=\"arf_list_view_title_wrapper\"><p class=\"arf_list_title_data\">2025-04-26<\/p><\/div><div class=\"arf_list_view_content_wrapper\"><p class=\"arf_list_content_data\">-<\/p>\r\n<p class=\"arf_list_content_data\">Pok\u00f3j 107<\/p>\r\n<p class=\"arf_list_content_data\">Pok\u00f3j 203<\/p>\r\n<p class=\"arf_list_content_data\">Pok\u00f3j 308<\/p>\r\n<p class=\"arf_list_content_data\">-<\/p>\r\n<p class=\"arf_list_content_data\">-<\/p><\/div><\/div><div class=\"arf_list_view_entry_wrapper\"><div class=\"arf_list_view_title_wrapper\"><p class=\"arf_list_title_data\">2025-04-24<\/p><\/div><div class=\"arf_list_view_content_wrapper\"><p class=\"arf_list_content_data\">-<\/p>\r\n<p class=\"arf_list_content_data\">Pok\u00f3j 107<\/p>\r\n<p class=\"arf_list_content_data\">Pok\u00f3j 201<\/p>\r\n<p class=\"arf_list_content_data\">Pok\u00f3j 302<\/p>\r\n<p class=\"arf_list_content_data\">-<\/p>\r\n<p class=\"arf_list_content_data\">-<\/p><\/div><\/div><div class=\"arf_list_view_entry_wrapper\"><div class=\"arf_list_view_title_wrapper\"><p class=\"arf_list_title_data\">2025-04-24<\/p><\/div><div class=\"arf_list_view_content_wrapper\"><p class=\"arf_list_content_data\">-<\/p>\r\n<p class=\"arf_list_content_data\">Pok\u00f3j 107<\/p>\r\n<p class=\"arf_list_content_data\">Pok\u00f3j 203<\/p>\r\n<p class=\"arf_list_content_data\">Pok\u00f3j 308<\/p>\r\n<p class=\"arf_list_content_data\">-<\/p>\r\n<p class=\"arf_list_content_data\">-<\/p><\/div><\/div><div class=\"arf_list_view_entry_wrapper\"><div class=\"arf_list_view_title_wrapper\"><p class=\"arf_list_title_data\">2025-04-23<\/p><\/div><div class=\"arf_list_view_content_wrapper\"><p class=\"arf_list_content_data\">-<\/p>\r\n<p class=\"arf_list_content_data\">Pok\u00f3j 107<\/p>\r\n<p class=\"arf_list_content_data\">Pok\u00f3j 202<\/p>\r\n<p class=\"arf_list_content_data\">Pok\u00f3j 301<\/p>\r\n<p class=\"arf_list_content_data\">-<\/p>\r\n<p class=\"arf_list_content_data\">-<\/p><\/div><\/div><div class=\"arf_list_view_entry_wrapper\"><div class=\"arf_list_view_title_wrapper\"><p class=\"arf_list_title_data\">2025-04-22<\/p><\/div><div class=\"arf_list_view_content_wrapper\"><p class=\"arf_list_content_data\">-<\/p>\r\n<p class=\"arf_list_content_data\">-<\/p>\r\n<p class=\"arf_list_content_data\">Pok\u00f3j 208<\/p>\r\n<p class=\"arf_list_content_data\">-<\/p>\r\n<p class=\"arf_list_content_data\">Pok\u00f3j 406<\/p>\r\n<p class=\"arf_list_content_data\">-<\/p><\/div><\/div><\/div><div class=\"arf_table_view_paginate_link_wrapper\"><ul class=\"arf_table_view_page_numbers\"><li class=\"arf_page_number_wrapper_item\" data-page=\"1\"><span class='arf_table_view_page_number_item'>1<\/span><\/li><li class=\"arf_page_number_wrapper_item\" data-page=\"2\"><a data-current-page='2' class='arf_table_view_page_number_item' href='https:\/\/lasdlanas.pl\/en\/raporty\/raport-ascot-premium-hotel\/?pagenum=2'>2<\/a><\/li><li class=\"arf_page_number_wrapper_item\" data-page=\"3\"><a data-current-page='3' class='arf_table_view_page_number_item' href='https:\/\/lasdlanas.pl\/en\/raporty\/raport-ascot-premium-hotel\/?pagenum=3'>3<\/a><\/li><li class=\"arf_page_number_wrapper_item\" data-page=\"4\"><a data-current-page='4' class='arf_table_view_page_number_item' href='https:\/\/lasdlanas.pl\/en\/raporty\/raport-ascot-premium-hotel\/?pagenum=4'>4<\/a><\/li><li class=\"arf_page_number_wrapper_item\" data-page=\"5\"><a data-current-page='5' class='arf_table_view_page_number_item' href='https:\/\/lasdlanas.pl\/en\/raporty\/raport-ascot-premium-hotel\/?pagenum=5'>5<\/a><\/li><li class=\"arf_page_number_wrapper_item\" data-page=\"6\"><a data-current-page='6' class='arf_table_view_page_number_item' href='https:\/\/lasdlanas.pl\/en\/raporty\/raport-ascot-premium-hotel\/?pagenum=6'>6<\/a><\/li><li class=\"arf_page_number_wrapper_item\" data-page=\"7\"><a data-current-page='7' class='arf_table_view_page_number_item' href='https:\/\/lasdlanas.pl\/en\/raporty\/raport-ascot-premium-hotel\/?pagenum=7'>7<\/a><\/li><li class=\"arf_page_number_wrapper_item\" data-page=\"8\"><a data-current-page='8' class='arf_table_view_page_number_item' href='https:\/\/lasdlanas.pl\/en\/raporty\/raport-ascot-premium-hotel\/?pagenum=8'>8<\/a><\/li><li class=\"arf_page_number_wrapper_item\" data-page=\"9\"><a data-current-page='9' class='arf_table_view_page_number_item' href='https:\/\/lasdlanas.pl\/en\/raporty\/raport-ascot-premium-hotel\/?pagenum=9'>9<\/a><\/li><li class=\"arf_page_number_wrapper_item\" data-page=\"10\"><a data-current-page='10' class='arf_table_view_page_number_item' href='https:\/\/lasdlanas.pl\/en\/raporty\/raport-ascot-premium-hotel\/?pagenum=10'>10<\/a><\/li><li class=\"arf_page_number_wrapper_item\" data-page=\"11\"><a data-current-page='11' class='arf_table_view_page_number_item' href='https:\/\/lasdlanas.pl\/en\/raporty\/raport-ascot-premium-hotel\/?pagenum=11'>11<\/a><\/li><li class=\"arf_page_number_wrapper_item\" data-page=\"12\"><a data-current-page='12' class='arf_table_view_page_number_item' href='https:\/\/lasdlanas.pl\/en\/raporty\/raport-ascot-premium-hotel\/?pagenum=12'>12<\/a><\/li><li class=\"arf_page_number_wrapper_item\" data-page=\"13\"><a data-current-page='13' class='arf_table_view_page_number_item' href='https:\/\/lasdlanas.pl\/en\/raporty\/raport-ascot-premium-hotel\/?pagenum=13'>13<\/a><\/li><li class=\"arf_page_number_wrapper_item\" data-page=\"14\"><a data-current-page='14' class='arf_table_view_page_number_item' href='https:\/\/lasdlanas.pl\/en\/raporty\/raport-ascot-premium-hotel\/?pagenum=14'>14<\/a><\/li><li class=\"arf_page_number_wrapper_item\" data-page=\"15\"><a data-current-page='15' class='arf_table_view_page_number_item' href='https:\/\/lasdlanas.pl\/en\/raporty\/raport-ascot-premium-hotel\/?pagenum=15'>15<\/a><\/li><li class=\"arf_page_number_wrapper_item\" data-page=\"16\"><a data-current-page='16' class='arf_table_view_page_number_item' href='https:\/\/lasdlanas.pl\/en\/raporty\/raport-ascot-premium-hotel\/?pagenum=16'>16<\/a><\/li><li class=\"arf_page_number_wrapper_item\" data-page=\"17\"><a data-current-page='17' class='arf_table_view_page_number_item' href='https:\/\/lasdlanas.pl\/en\/raporty\/raport-ascot-premium-hotel\/?pagenum=17'>17<\/a><\/li><li class=\"arf_page_number_wrapper_item\" data-page=\"18\"><a data-current-page='18' class='arf_table_view_page_number_item' href='https:\/\/lasdlanas.pl\/en\/raporty\/raport-ascot-premium-hotel\/?pagenum=18'>18<\/a><\/li><li class=\"arf_page_number_wrapper_item\" data-page=\"19\"><a data-current-page='19' class='arf_table_view_page_number_item' href='https:\/\/lasdlanas.pl\/en\/raporty\/raport-ascot-premium-hotel\/?pagenum=19'>19<\/a><\/li><li class=\"arf_page_number_wrapper_item\" data-page=\"20\"><a data-current-page='20' class='arf_table_view_page_number_item' href='https:\/\/lasdlanas.pl\/en\/raporty\/raport-ascot-premium-hotel\/?pagenum=20'>20<\/a><\/li><li class=\"arf_page_number_wrapper_item\" data-page=\"21\"><a data-current-page='21' class='arf_table_view_page_number_item' href='https:\/\/lasdlanas.pl\/en\/raporty\/raport-ascot-premium-hotel\/?pagenum=21'>21<\/a><\/li><li class=\"arf_page_number_wrapper_item\" data-page=\"22\"><a data-current-page='22' class='arf_table_view_page_number_item' href='https:\/\/lasdlanas.pl\/en\/raporty\/raport-ascot-premium-hotel\/?pagenum=22'>22<\/a><\/li><li class=\"arf_page_number_wrapper_item\" data-page=\"23\"><a data-current-page='23' class='arf_table_view_page_number_item' href='https:\/\/lasdlanas.pl\/en\/raporty\/raport-ascot-premium-hotel\/?pagenum=23'>23<\/a><\/li><li class=\"arf_page_number_wrapper_item\" data-page=\"24\"><a data-current-page='24' class='arf_table_view_page_number_item' href='https:\/\/lasdlanas.pl\/en\/raporty\/raport-ascot-premium-hotel\/?pagenum=24'>24<\/a><\/li><li class=\"arf_page_number_wrapper_item\" data-page=\"25\"><a data-current-page='25' class='arf_table_view_page_number_item' href='https:\/\/lasdlanas.pl\/en\/raporty\/raport-ascot-premium-hotel\/?pagenum=25'>25<\/a><\/li><li class=\"arf_page_number_wrapper_item\" data-page=\"26\"><a data-current-page='26' class='arf_table_view_page_number_item' href='https:\/\/lasdlanas.pl\/en\/raporty\/raport-ascot-premium-hotel\/?pagenum=26'>26<\/a><\/li><li class=\"arf_page_number_wrapper_item\" data-page=\"27\"><a data-current-page='27' class='arf_table_view_page_number_item' href='https:\/\/lasdlanas.pl\/en\/raporty\/raport-ascot-premium-hotel\/?pagenum=27'>27<\/a><\/li><li class=\"arf_page_number_wrapper_item\" data-page=\"28\"><a data-current-page='28' class='arf_table_view_page_number_item' href='https:\/\/lasdlanas.pl\/en\/raporty\/raport-ascot-premium-hotel\/?pagenum=28'>28<\/a><\/li><li class=\"arf_page_number_wrapper_item\" data-page=\"29\"><a data-current-page='29' class='arf_table_view_page_number_item' href='https:\/\/lasdlanas.pl\/en\/raporty\/raport-ascot-premium-hotel\/?pagenum=29'>29<\/a><\/li><li class=\"arf_page_number_wrapper_item\" data-page=\"30\"><a data-current-page='30' class='arf_table_view_page_number_item' href='https:\/\/lasdlanas.pl\/en\/raporty\/raport-ascot-premium-hotel\/?pagenum=30'>30<\/a><\/li><li class=\"arf_page_number_wrapper_item\" data-page=\"31\"><a data-current-page='31' class='arf_table_view_page_number_item' href='https:\/\/lasdlanas.pl\/en\/raporty\/raport-ascot-premium-hotel\/?pagenum=31'>31<\/a><\/li><li class=\"arf_page_number_wrapper_item\" data-page=\"32\"><a data-current-page='32' class='arf_table_view_page_number_item' href='https:\/\/lasdlanas.pl\/en\/raporty\/raport-ascot-premium-hotel\/?pagenum=32'>32<\/a><\/li><li class=\"arf_next_page_wrapper_item\"><a href=\"https:\/\/lasdlanas.pl\/en\/raporty\/raport-ascot-premium-hotel\/?pagenum=2\" class=\"arf_table_view_page_number_item next_page\" data-current-page=\"2\">&raquo;<\/a><\/li><\/ul><\/div><div class=\"clear\"><\/div><input type=\"hidden\" class=\"arf_view_form_entry_data_102\" value='{\"1039\":{\"154\":\"date^|^2025-04-30\",\"155\":\"checkbox^|^\",\"156\":\"checkbox^|^\",\"157\":\"checkbox^|^\",\"158\":\"break^|^\",\"159\":\"break^|^\",\"160\":\"break^|^\",\"161\":\"break^|^\",\"162\":\"checkbox^|^\",\"163\":\"checkbox^|^Pok\\u00f3j 304,Pok\\u00f3j 307\",\"164\":\"break^|^\",\"165\":\"break^|^\",\"166\":\"checkbox^|^\"},\"1038\":{\"154\":\"date^|^2025-04-29\",\"155\":\"checkbox^|^\",\"156\":\"checkbox^|^Pok\\u00f3j 101\",\"157\":\"checkbox^|^Pok\\u00f3j 201\",\"158\":\"break^|^\",\"159\":\"break^|^\",\"160\":\"break^|^\",\"161\":\"break^|^\",\"162\":\"checkbox^|^\",\"163\":\"checkbox^|^Pok\\u00f3j 302\",\"164\":\"break^|^\",\"165\":\"break^|^\",\"166\":\"checkbox^|^\"},\"1037\":{\"154\":\"date^|^2025-04-28\",\"155\":\"checkbox^|^\",\"156\":\"checkbox^|^\",\"157\":\"checkbox^|^Pok\\u00f3j 210\",\"158\":\"break^|^\",\"159\":\"break^|^\",\"160\":\"break^|^\",\"161\":\"break^|^\",\"162\":\"checkbox^|^Pok\\u00f3j 402\",\"163\":\"checkbox^|^\",\"164\":\"break^|^\",\"165\":\"break^|^\",\"166\":\"checkbox^|^Pok\\u00f3j 503\"},\"1036\":{\"154\":\"date^|^2025-04-27\",\"155\":\"checkbox^|^\",\"156\":\"checkbox^|^Pok\\u00f3j 104\",\"157\":\"checkbox^|^Pok\\u00f3j 209\",\"158\":\"break^|^\",\"159\":\"break^|^\",\"160\":\"break^|^\",\"161\":\"break^|^\",\"162\":\"checkbox^|^\",\"163\":\"checkbox^|^Pok\\u00f3j 308\",\"164\":\"break^|^\",\"165\":\"break^|^\",\"166\":\"checkbox^|^\"},\"1034\":{\"154\":\"date^|^2025-04-26\",\"155\":\"checkbox^|^\",\"156\":\"checkbox^|^Pok\\u00f3j 104\",\"157\":\"checkbox^|^Pok\\u00f3j 205\",\"158\":\"break^|^\",\"159\":\"break^|^\",\"160\":\"break^|^\",\"161\":\"break^|^\",\"162\":\"checkbox^|^\",\"163\":\"checkbox^|^\",\"164\":\"break^|^\",\"165\":\"break^|^\",\"166\":\"checkbox^|^Pok\\u00f3j 506\"},\"1035\":{\"154\":\"date^|^2025-04-26\",\"155\":\"checkbox^|^\",\"156\":\"checkbox^|^Pok\\u00f3j 107\",\"157\":\"checkbox^|^Pok\\u00f3j 203\",\"158\":\"break^|^\",\"159\":\"break^|^\",\"160\":\"break^|^\",\"161\":\"break^|^\",\"162\":\"checkbox^|^\",\"163\":\"checkbox^|^Pok\\u00f3j 308\",\"164\":\"break^|^\",\"165\":\"break^|^\",\"166\":\"checkbox^|^\"},\"1032\":{\"154\":\"date^|^2025-04-24\",\"155\":\"checkbox^|^\",\"156\":\"checkbox^|^Pok\\u00f3j 107\",\"157\":\"checkbox^|^Pok\\u00f3j 201\",\"158\":\"break^|^\",\"159\":\"break^|^\",\"160\":\"break^|^\",\"161\":\"break^|^\",\"162\":\"checkbox^|^\",\"163\":\"checkbox^|^Pok\\u00f3j 302\",\"164\":\"break^|^\",\"165\":\"break^|^\",\"166\":\"checkbox^|^\"},\"1033\":{\"154\":\"date^|^2025-04-24\",\"155\":\"checkbox^|^\",\"156\":\"checkbox^|^Pok\\u00f3j 107\",\"157\":\"checkbox^|^Pok\\u00f3j 203\",\"158\":\"break^|^\",\"159\":\"break^|^\",\"160\":\"break^|^\",\"161\":\"break^|^\",\"162\":\"checkbox^|^\",\"163\":\"checkbox^|^Pok\\u00f3j 308\",\"164\":\"break^|^\",\"165\":\"break^|^\",\"166\":\"checkbox^|^\"},\"1031\":{\"154\":\"date^|^2025-04-23\",\"155\":\"checkbox^|^\",\"156\":\"checkbox^|^Pok\\u00f3j 107\",\"157\":\"checkbox^|^Pok\\u00f3j 202\",\"158\":\"break^|^\",\"159\":\"break^|^\",\"160\":\"break^|^\",\"161\":\"break^|^\",\"162\":\"checkbox^|^\",\"163\":\"checkbox^|^Pok\\u00f3j 301\",\"164\":\"break^|^\",\"165\":\"break^|^\",\"166\":\"checkbox^|^\"},\"1030\":{\"154\":\"date^|^2025-04-22\",\"155\":\"checkbox^|^\",\"156\":\"checkbox^|^\",\"157\":\"checkbox^|^Pok\\u00f3j 208\",\"158\":\"break^|^\",\"159\":\"break^|^\",\"160\":\"break^|^\",\"161\":\"break^|^\",\"162\":\"checkbox^|^Pok\\u00f3j 406\",\"163\":\"checkbox^|^\",\"164\":\"break^|^\",\"165\":\"break^|^\",\"166\":\"checkbox^|^\"}}' \/><input type=\"hidden\" class=\"arf_view_form_editable_fields_102\" value='[]' \/><input type=\"hidden\" name=\"show_hide_columns\" id=\"show_hide_columns\" value=\"Show \/ Hide columns\"\/><input type=\"hidden\" name=\"search_grid\" id=\"search_grid\" value=\"Search\"\/><input type=\"hidden\" name=\"entries_grid\" id=\"entries_grid\" value=\"entries\"\/><input type=\"hidden\" name=\"show_grid\" id=\"show_grid\" value=\"Show\"\/><input type=\"hidden\" name=\"showing_grid\" id=\"showing_grid\" value=\"Showing\"\/><input type=\"hidden\" name=\"to_grid\" id=\"to_grid\" value=\"to\"\/><input type=\"hidden\" name=\"of_grid\" id=\"of_grid\" value=\"of\"\/><input type=\"hidden\" name=\"no_match_record_grid\" id=\"no_match_record_grid\" value=\"No matching records found\"\/><input type=\"hidden\" name=\"no_record_grid\" id=\"no_record_grid\" value=\"No data available in table\"\/><input type=\"hidden\" name=\"filter_grid\" id=\"filter_grid\" value=\"filtered from\"\/><input type=\"hidden\" name=\"totalwd_grid\" id=\"totalwd_grid\" value=\"total\"\/><div class=\"footer_grid\"><\/div><\/div><\/div><\/div><\/div><\/div><\/div>\n\n\n<div class=\"wp-block-buttons is-layout-flex wp-block-buttons-is-layout-flex\"><div class=\"wp-block-button\"><a class=\"wp-block-button__link\">Powr\u00f3t do raport\u00f3w<\/a><\/div><\/div>","protected":false},"excerpt":{"rendered":"<p>Ascot Premium Hotel ul. Radziwi\u0142\u0142owska 3, 31-026 Krak\u00f3w<\/p>","protected":false},"author":1,"featured_media":0,"parent":1663,"menu_order":0,"comment_status":"closed","ping_status":"closed","template":"","meta":{"footnotes":""},"class_list":["post-1888","page","type-page","status-publish","hentry"],"_links":{"self":[{"href":"https:\/\/lasdlanas.pl\/en\/wp-json\/wp\/v2\/pages\/1888","targetHints":{"allow":["GET"]}}],"collection":[{"href":"https:\/\/lasdlanas.pl\/en\/wp-json\/wp\/v2\/pages"}],"about":[{"href":"https:\/\/lasdlanas.pl\/en\/wp-json\/wp\/v2\/types\/page"}],"author":[{"embeddable":true,"href":"https:\/\/lasdlanas.pl\/en\/wp-json\/wp\/v2\/users\/1"}],"replies":[{"embeddable":true,"href":"https:\/\/lasdlanas.pl\/en\/wp-json\/wp\/v2\/comments?post=1888"}],"version-history":[{"count":11,"href":"https:\/\/lasdlanas.pl\/en\/wp-json\/wp\/v2\/pages\/1888\/revisions"}],"predecessor-version":[{"id":4065,"href":"https:\/\/lasdlanas.pl\/en\/wp-json\/wp\/v2\/pages\/1888\/revisions\/4065"}],"up":[{"embeddable":true,"href":"https:\/\/lasdlanas.pl\/en\/wp-json\/wp\/v2\/pages\/1663"}],"wp:attachment":[{"href":"https:\/\/lasdlanas.pl\/en\/wp-json\/wp\/v2\/media?parent=1888"}],"curies":[{"name":"wp","href":"https:\/\/api.w.org\/{rel}","templated":true}]}}