{"id":1941,"date":"2023-05-10T13:38:22","date_gmt":"2023-05-10T13:38:22","guid":{"rendered":"https:\/\/lasdlanas.pl\/?page_id=1941"},"modified":"2024-09-19T08:05:32","modified_gmt":"2024-09-19T08:05:32","slug":"raport-hotel-batory","status":"publish","type":"page","link":"https:\/\/lasdlanas.pl\/en\/raporty\/raport-hotel-batory\/","title":{"rendered":"Raport Hotel Batory"},"content":{"rendered":"<figure class=\"wp-block-image size-full\"><img loading=\"lazy\" decoding=\"async\" width=\"1500\" height=\"1000\" src=\"https:\/\/lasdlanas.pl\/wp-content\/uploads\/2023\/05\/Hotel-Batory.webp\" alt class=\"wp-image-1933\" srcset=\"https:\/\/lasdlanas.pl\/wp-content\/uploads\/2023\/05\/Hotel-Batory.webp 1500w, https:\/\/lasdlanas.pl\/wp-content\/uploads\/2023\/05\/Hotel-Batory-300x200.webp 300w, https:\/\/lasdlanas.pl\/wp-content\/uploads\/2023\/05\/Hotel-Batory-1024x683.webp 1024w, https:\/\/lasdlanas.pl\/wp-content\/uploads\/2023\/05\/Hotel-Batory-768x512.webp 768w\" sizes=\"auto, (max-width: 1500px) 100vw, 1500px\" \/><\/figure>\n\nHotel Batory <br>\nul. So\u0142tyka 19,<br>\n31-529 Krak\u00f3w\n\n<div class=\"wrap view_page\"><div id=\"poststuff\" class=\"metabox-holder\"><div id=\"post-body\"><div class=\"inside\"><div class=\"frm_settings_form wrap_content arf_view_list_forms\" id=\"arf_view_list_form\"><div class=\"arf_pp_full_width arf_view_form_wrapper\" method=\"get\" id=\"arf_view_forms\" data-form-id=\"103\"><input type=\"hidden\" name=\"arfview_ajaxurl\" id=\"arfview_ajaxurl\" value=\"https:\/\/lasdlanas.pl\/wp-admin\/admin-ajax.php\"\/><input type=\"hidden\" id=\"form_id\" name=\"form_id\" value=\"103\"\/><input type=\"hidden\" id=\"col_order_type\" value=\"1\" \/><div class=\"arf_list_view_wrapper\"><div class=\"arf_list_view_entry_wrapper\"><div class=\"arf_list_view_title_wrapper\"><p class=\"arf_list_title_data\">2024-07-12<\/p><\/div><div class=\"arf_list_view_content_wrapper\"><p class=\"arf_list_content_data\">Pok\u00f3j 1,Pok\u00f3j 2,Pok\u00f3j 3,Pok\u00f3j 4,Pok\u00f3j 5,Pok\u00f3j 6<\/p>\r\n<p class=\"arf_list_content_data\">Pok\u00f3j 11,Pok\u00f3j 12,Pok\u00f3j 13,Pok\u00f3j 14,Pok\u00f3j 15,Pok\u00f3j 16,Pok\u00f3j 17,Pok\u00f3j 18<\/p>\r\n<p class=\"arf_list_content_data\">Pok\u00f3j 22,Pok\u00f3j 23,Pok\u00f3j 25,Pok\u00f3j 26,Pok\u00f3j 28<\/p>\r\n<p class=\"arf_list_content_data\">Pok\u00f3j 31,Pok\u00f3j 32,Pok\u00f3j 34,Pok\u00f3j 35,Pok\u00f3j 37,Pok\u00f3j 38<\/p><\/div><\/div><div class=\"arf_list_view_entry_wrapper\"><div class=\"arf_list_view_title_wrapper\"><p class=\"arf_list_title_data\">2023-08-31<\/p><\/div><div class=\"arf_list_view_content_wrapper\"><p class=\"arf_list_content_data\">Pok\u00f3j 1,Pok\u00f3j 2,Pok\u00f3j 3,Pok\u00f3j 4,Pok\u00f3j 5,Pok\u00f3j 6<\/p>\r\n<p class=\"arf_list_content_data\">Pok\u00f3j 11,Pok\u00f3j 12,Pok\u00f3j 13,Pok\u00f3j 14,Pok\u00f3j 15,Pok\u00f3j 16,Pok\u00f3j 17,Pok\u00f3j 18<\/p>\r\n<p class=\"arf_list_content_data\">Pok\u00f3j 21,Pok\u00f3j 22,Pok\u00f3j 23,Pok\u00f3j 24,Pok\u00f3j 25,Pok\u00f3j 26,Pok\u00f3j 27,Pok\u00f3j 28<\/p>\r\n<p class=\"arf_list_content_data\">Pok\u00f3j 31,Pok\u00f3j 34,Pok\u00f3j 37,Pok\u00f3j 38<\/p><\/div><\/div><div class=\"arf_list_view_entry_wrapper\"><div class=\"arf_list_view_title_wrapper\"><p class=\"arf_list_title_data\">2023-08-31<\/p><\/div><div class=\"arf_list_view_content_wrapper\"><p class=\"arf_list_content_data\">Pok\u00f3j 1,Pok\u00f3j 2,Pok\u00f3j 3,Pok\u00f3j 4,Pok\u00f3j 5,Pok\u00f3j 6<\/p>\r\n<p class=\"arf_list_content_data\">Pok\u00f3j 11,Pok\u00f3j 12,Pok\u00f3j 13,Pok\u00f3j 14,Pok\u00f3j 15,Pok\u00f3j 16,Pok\u00f3j 17,Pok\u00f3j 18<\/p>\r\n<p class=\"arf_list_content_data\">Pok\u00f3j 21,Pok\u00f3j 22,Pok\u00f3j 23,Pok\u00f3j 24,Pok\u00f3j 25,Pok\u00f3j 26,Pok\u00f3j 27,Pok\u00f3j 28<\/p>\r\n<p class=\"arf_list_content_data\">Pok\u00f3j 31,Pok\u00f3j 32,Pok\u00f3j 33,Pok\u00f3j 34,Pok\u00f3j 35,Pok\u00f3j 37,Pok\u00f3j 38<\/p><\/div><\/div><div class=\"arf_list_view_entry_wrapper\"><div class=\"arf_list_view_title_wrapper\"><p class=\"arf_list_title_data\">2023-07-31<\/p><\/div><div class=\"arf_list_view_content_wrapper\"><p class=\"arf_list_content_data\">Pok\u00f3j 1,Pok\u00f3j 2,Pok\u00f3j 3,Pok\u00f3j 4,Pok\u00f3j 5,Pok\u00f3j 6<\/p>\r\n<p class=\"arf_list_content_data\">Pok\u00f3j 11,Pok\u00f3j 12,Pok\u00f3j 14,Pok\u00f3j 15,Pok\u00f3j 17,Pok\u00f3j 18<\/p>\r\n<p class=\"arf_list_content_data\">Pok\u00f3j 21,Pok\u00f3j 22,Pok\u00f3j 23,Pok\u00f3j 24,Pok\u00f3j 25,Pok\u00f3j 26,Pok\u00f3j 27,Pok\u00f3j 28<\/p>\r\n<p class=\"arf_list_content_data\">Pok\u00f3j 32,Pok\u00f3j 35,Pok\u00f3j 38<\/p><\/div><\/div><div class=\"arf_list_view_entry_wrapper\"><div class=\"arf_list_view_title_wrapper\"><p class=\"arf_list_title_data\">2023-07-16<\/p><\/div><div class=\"arf_list_view_content_wrapper\"><p class=\"arf_list_content_data\">Pok\u00f3j 1,Pok\u00f3j 2,Pok\u00f3j 3,Pok\u00f3j 4,Pok\u00f3j 5,Pok\u00f3j 6<\/p>\r\n<p class=\"arf_list_content_data\">Pok\u00f3j 11,Pok\u00f3j 12,Pok\u00f3j 13,Pok\u00f3j 14,Pok\u00f3j 15,Pok\u00f3j 16,Pok\u00f3j 17,Pok\u00f3j 18<\/p>\r\n<p class=\"arf_list_content_data\">Pok\u00f3j 21,Pok\u00f3j 22,Pok\u00f3j 23,Pok\u00f3j 24,Pok\u00f3j 25,Pok\u00f3j 26,Pok\u00f3j 27,Pok\u00f3j 28<\/p>\r\n<p class=\"arf_list_content_data\">Pok\u00f3j 31,Pok\u00f3j 32,Pok\u00f3j 33,Pok\u00f3j 34,Pok\u00f3j 35,Pok\u00f3j 36,Pok\u00f3j 37,Pok\u00f3j 38<\/p><\/div><\/div><div class=\"arf_list_view_entry_wrapper\"><div class=\"arf_list_view_title_wrapper\"><p class=\"arf_list_title_data\">2023-06-30<\/p><\/div><div class=\"arf_list_view_content_wrapper\"><p class=\"arf_list_content_data\">Pok\u00f3j 1,Pok\u00f3j 2,Pok\u00f3j 3,Pok\u00f3j 4,Pok\u00f3j 5,Pok\u00f3j 6<\/p>\r\n<p class=\"arf_list_content_data\">Pok\u00f3j 11,Pok\u00f3j 12,Pok\u00f3j 13,Pok\u00f3j 14,Pok\u00f3j 15,Pok\u00f3j 16,Pok\u00f3j 17,Pok\u00f3j 18<\/p>\r\n<p class=\"arf_list_content_data\">Pok\u00f3j 22,Pok\u00f3j 23,Pok\u00f3j 25,Pok\u00f3j 26,Pok\u00f3j 27,Pok\u00f3j 28<\/p>\r\n<p class=\"arf_list_content_data\">Pok\u00f3j 32,Pok\u00f3j 35,Pok\u00f3j 38<\/p><\/div><\/div><div class=\"arf_list_view_entry_wrapper\"><div class=\"arf_list_view_title_wrapper\"><p class=\"arf_list_title_data\">2023-06-01<\/p><\/div><div class=\"arf_list_view_content_wrapper\"><p class=\"arf_list_content_data\">Pok\u00f3j 1,Pok\u00f3j 2,Pok\u00f3j 3,Pok\u00f3j 4,Pok\u00f3j 5<\/p>\r\n<p class=\"arf_list_content_data\">Pok\u00f3j 11,Pok\u00f3j 14,Pok\u00f3j 15,Pok\u00f3j 17,Pok\u00f3j 18<\/p>\r\n<p class=\"arf_list_content_data\">Pok\u00f3j 21,Pok\u00f3j 24,Pok\u00f3j 27<\/p>\r\n<p class=\"arf_list_content_data\">-<\/p><\/div><\/div><div class=\"arf_list_view_entry_wrapper\"><div class=\"arf_list_view_title_wrapper\"><p class=\"arf_list_title_data\">2023-05-31<\/p><\/div><div class=\"arf_list_view_content_wrapper\"><p class=\"arf_list_content_data\">Pok\u00f3j 1,Pok\u00f3j 2,Pok\u00f3j 3,Pok\u00f3j 4,Pok\u00f3j 5,Pok\u00f3j 6<\/p>\r\n<p class=\"arf_list_content_data\">Pok\u00f3j 11,Pok\u00f3j 12,Pok\u00f3j 13,Pok\u00f3j 14,Pok\u00f3j 15,Pok\u00f3j 16,Pok\u00f3j 17,Pok\u00f3j 18<\/p>\r\n<p class=\"arf_list_content_data\">Pok\u00f3j 21,Pok\u00f3j 22,Pok\u00f3j 23,Pok\u00f3j 24,Pok\u00f3j 25,Pok\u00f3j 27,Pok\u00f3j 28<\/p>\r\n<p class=\"arf_list_content_data\">-<\/p><\/div><\/div><div class=\"arf_list_view_entry_wrapper\"><div class=\"arf_list_view_title_wrapper\"><p class=\"arf_list_title_data\">2023-05-19<\/p><\/div><div class=\"arf_list_view_content_wrapper\"><p class=\"arf_list_content_data\">Pok\u00f3j 1,Pok\u00f3j 2,Pok\u00f3j 3,Pok\u00f3j 4,Pok\u00f3j 5,Pok\u00f3j 6<\/p>\r\n<p class=\"arf_list_content_data\">Pok\u00f3j 11,Pok\u00f3j 14,Pok\u00f3j 17<\/p>\r\n<p class=\"arf_list_content_data\">-<\/p>\r\n<p class=\"arf_list_content_data\">-<\/p><\/div><\/div><\/div><div class=\"clear\"><\/div><input type=\"hidden\" class=\"arf_view_form_entry_data_103\" value='{\"363\":{\"167\":\"date^|^2024-07-12\",\"168\":\"checkbox^|^Pok\\u00f3j 1,Pok\\u00f3j 2,Pok\\u00f3j 3,Pok\\u00f3j 4,Pok\\u00f3j 5,Pok\\u00f3j 6\",\"169\":\"checkbox^|^Pok\\u00f3j 11,Pok\\u00f3j 12,Pok\\u00f3j 13,Pok\\u00f3j 14,Pok\\u00f3j 15,Pok\\u00f3j 16,Pok\\u00f3j 17,Pok\\u00f3j 18\",\"170\":\"checkbox^|^Pok\\u00f3j 22,Pok\\u00f3j 23,Pok\\u00f3j 25,Pok\\u00f3j 26,Pok\\u00f3j 28\",\"171\":\"break^|^\",\"172\":\"break^|^\",\"173\":\"break^|^\",\"174\":\"checkbox^|^Pok\\u00f3j 31,Pok\\u00f3j 32,Pok\\u00f3j 34,Pok\\u00f3j 35,Pok\\u00f3j 37,Pok\\u00f3j 38\",\"175\":\"break^|^\"},\"160\":{\"167\":\"date^|^2023-08-31\",\"168\":\"checkbox^|^Pok\\u00f3j 1,Pok\\u00f3j 2,Pok\\u00f3j 3,Pok\\u00f3j 4,Pok\\u00f3j 5,Pok\\u00f3j 6\",\"169\":\"checkbox^|^Pok\\u00f3j 11,Pok\\u00f3j 12,Pok\\u00f3j 13,Pok\\u00f3j 14,Pok\\u00f3j 15,Pok\\u00f3j 16,Pok\\u00f3j 17,Pok\\u00f3j 18\",\"170\":\"checkbox^|^Pok\\u00f3j 21,Pok\\u00f3j 22,Pok\\u00f3j 23,Pok\\u00f3j 24,Pok\\u00f3j 25,Pok\\u00f3j 26,Pok\\u00f3j 27,Pok\\u00f3j 28\",\"171\":\"break^|^\",\"172\":\"break^|^\",\"173\":\"break^|^\",\"174\":\"checkbox^|^Pok\\u00f3j 31,Pok\\u00f3j 34,Pok\\u00f3j 37,Pok\\u00f3j 38\",\"175\":\"break^|^\"},\"188\":{\"167\":\"date^|^2023-08-31\",\"168\":\"checkbox^|^Pok\\u00f3j 1,Pok\\u00f3j 2,Pok\\u00f3j 3,Pok\\u00f3j 4,Pok\\u00f3j 5,Pok\\u00f3j 6\",\"169\":\"checkbox^|^Pok\\u00f3j 11,Pok\\u00f3j 12,Pok\\u00f3j 13,Pok\\u00f3j 14,Pok\\u00f3j 15,Pok\\u00f3j 16,Pok\\u00f3j 17,Pok\\u00f3j 18\",\"170\":\"checkbox^|^Pok\\u00f3j 21,Pok\\u00f3j 22,Pok\\u00f3j 23,Pok\\u00f3j 24,Pok\\u00f3j 25,Pok\\u00f3j 26,Pok\\u00f3j 27,Pok\\u00f3j 28\",\"171\":\"break^|^\",\"172\":\"break^|^\",\"173\":\"break^|^\",\"174\":\"checkbox^|^Pok\\u00f3j 31,Pok\\u00f3j 32,Pok\\u00f3j 33,Pok\\u00f3j 34,Pok\\u00f3j 35,Pok\\u00f3j 37,Pok\\u00f3j 38\",\"175\":\"break^|^\"},\"128\":{\"167\":\"date^|^2023-07-31\",\"168\":\"checkbox^|^Pok\\u00f3j 1,Pok\\u00f3j 2,Pok\\u00f3j 3,Pok\\u00f3j 4,Pok\\u00f3j 5,Pok\\u00f3j 6\",\"169\":\"checkbox^|^Pok\\u00f3j 11,Pok\\u00f3j 12,Pok\\u00f3j 14,Pok\\u00f3j 15,Pok\\u00f3j 17,Pok\\u00f3j 18\",\"170\":\"checkbox^|^Pok\\u00f3j 21,Pok\\u00f3j 22,Pok\\u00f3j 23,Pok\\u00f3j 24,Pok\\u00f3j 25,Pok\\u00f3j 26,Pok\\u00f3j 27,Pok\\u00f3j 28\",\"171\":\"break^|^\",\"172\":\"break^|^\",\"173\":\"break^|^\",\"174\":\"checkbox^|^Pok\\u00f3j 32,Pok\\u00f3j 35,Pok\\u00f3j 38\",\"175\":\"break^|^\"},\"116\":{\"167\":\"date^|^2023-07-16\",\"168\":\"checkbox^|^Pok\\u00f3j 1,Pok\\u00f3j 2,Pok\\u00f3j 3,Pok\\u00f3j 4,Pok\\u00f3j 5,Pok\\u00f3j 6\",\"169\":\"checkbox^|^Pok\\u00f3j 11,Pok\\u00f3j 12,Pok\\u00f3j 13,Pok\\u00f3j 14,Pok\\u00f3j 15,Pok\\u00f3j 16,Pok\\u00f3j 17,Pok\\u00f3j 18\",\"170\":\"checkbox^|^Pok\\u00f3j 21,Pok\\u00f3j 22,Pok\\u00f3j 23,Pok\\u00f3j 24,Pok\\u00f3j 25,Pok\\u00f3j 26,Pok\\u00f3j 27,Pok\\u00f3j 28\",\"171\":\"break^|^\",\"172\":\"break^|^\",\"173\":\"break^|^\",\"174\":\"checkbox^|^Pok\\u00f3j 31,Pok\\u00f3j 32,Pok\\u00f3j 33,Pok\\u00f3j 34,Pok\\u00f3j 35,Pok\\u00f3j 36,Pok\\u00f3j 37,Pok\\u00f3j 38\",\"175\":\"break^|^\"},\"80\":{\"167\":\"date^|^2023-06-30\",\"168\":\"checkbox^|^Pok\\u00f3j 1,Pok\\u00f3j 2,Pok\\u00f3j 3,Pok\\u00f3j 4,Pok\\u00f3j 5,Pok\\u00f3j 6\",\"169\":\"checkbox^|^Pok\\u00f3j 11,Pok\\u00f3j 12,Pok\\u00f3j 13,Pok\\u00f3j 14,Pok\\u00f3j 15,Pok\\u00f3j 16,Pok\\u00f3j 17,Pok\\u00f3j 18\",\"170\":\"checkbox^|^Pok\\u00f3j 22,Pok\\u00f3j 23,Pok\\u00f3j 25,Pok\\u00f3j 26,Pok\\u00f3j 27,Pok\\u00f3j 28\",\"171\":\"break^|^\",\"172\":\"break^|^\",\"173\":\"break^|^\",\"174\":\"checkbox^|^Pok\\u00f3j 32,Pok\\u00f3j 35,Pok\\u00f3j 38\",\"175\":\"break^|^\"},\"73\":{\"167\":\"date^|^2023-06-01\",\"168\":\"checkbox^|^Pok\\u00f3j 1,Pok\\u00f3j 2,Pok\\u00f3j 3,Pok\\u00f3j 4,Pok\\u00f3j 5\",\"169\":\"checkbox^|^Pok\\u00f3j 11,Pok\\u00f3j 14,Pok\\u00f3j 15,Pok\\u00f3j 17,Pok\\u00f3j 18\",\"170\":\"checkbox^|^Pok\\u00f3j 21,Pok\\u00f3j 24,Pok\\u00f3j 27\",\"171\":\"break^|^\",\"172\":\"break^|^\",\"173\":\"break^|^\",\"174\":\"checkbox^|^\",\"175\":\"break^|^\"},\"72\":{\"167\":\"date^|^2023-05-31\",\"168\":\"checkbox^|^Pok\\u00f3j 1,Pok\\u00f3j 2,Pok\\u00f3j 3,Pok\\u00f3j 4,Pok\\u00f3j 5,Pok\\u00f3j 6\",\"169\":\"checkbox^|^Pok\\u00f3j 11,Pok\\u00f3j 12,Pok\\u00f3j 13,Pok\\u00f3j 14,Pok\\u00f3j 15,Pok\\u00f3j 16,Pok\\u00f3j 17,Pok\\u00f3j 18\",\"170\":\"checkbox^|^Pok\\u00f3j 21,Pok\\u00f3j 22,Pok\\u00f3j 23,Pok\\u00f3j 24,Pok\\u00f3j 25,Pok\\u00f3j 27,Pok\\u00f3j 28\",\"171\":\"break^|^\",\"172\":\"break^|^\",\"173\":\"break^|^\",\"174\":\"checkbox^|^\",\"175\":\"break^|^\"},\"70\":{\"167\":\"date^|^2023-05-19\",\"168\":\"checkbox^|^Pok\\u00f3j 1,Pok\\u00f3j 2,Pok\\u00f3j 3,Pok\\u00f3j 4,Pok\\u00f3j 5,Pok\\u00f3j 6\",\"169\":\"checkbox^|^Pok\\u00f3j 11,Pok\\u00f3j 14,Pok\\u00f3j 17\",\"170\":\"checkbox^|^\",\"171\":\"break^|^\",\"172\":\"break^|^\",\"173\":\"break^|^\",\"174\":\"checkbox^|^\",\"175\":\"break^|^\"}}' \/><input type=\"hidden\" class=\"arf_view_form_editable_fields_103\" value='[]' \/><input type=\"hidden\" name=\"show_hide_columns\" id=\"show_hide_columns\" value=\"Show \/ Hide columns\"\/><input type=\"hidden\" name=\"search_grid\" id=\"search_grid\" value=\"Search\"\/><input type=\"hidden\" name=\"entries_grid\" id=\"entries_grid\" value=\"entries\"\/><input type=\"hidden\" name=\"show_grid\" id=\"show_grid\" value=\"Show\"\/><input type=\"hidden\" name=\"showing_grid\" id=\"showing_grid\" value=\"Showing\"\/><input type=\"hidden\" name=\"to_grid\" id=\"to_grid\" value=\"to\"\/><input type=\"hidden\" name=\"of_grid\" id=\"of_grid\" value=\"of\"\/><input type=\"hidden\" name=\"no_match_record_grid\" id=\"no_match_record_grid\" value=\"No matching records found\"\/><input type=\"hidden\" name=\"no_record_grid\" id=\"no_record_grid\" value=\"No data available in table\"\/><input type=\"hidden\" name=\"filter_grid\" id=\"filter_grid\" value=\"filtered from\"\/><input type=\"hidden\" name=\"totalwd_grid\" id=\"totalwd_grid\" value=\"total\"\/><div class=\"footer_grid\"><\/div><\/div><\/div><\/div><\/div><\/div><\/div>\n\n\n<div class=\"wp-block-buttons is-layout-flex wp-block-buttons-is-layout-flex\"><div class=\"wp-block-button\"><a class=\"wp-block-button__link\">Powr\u00f3t do raport\u00f3w<\/a><\/div><\/div>","protected":false},"excerpt":{"rendered":"<p>Hotel Batory ul. So\u0142tyka 19, 31-529 Krak\u00f3w<\/p>","protected":false},"author":1,"featured_media":0,"parent":1663,"menu_order":0,"comment_status":"closed","ping_status":"closed","template":"","meta":{"footnotes":""},"class_list":["post-1941","page","type-page","status-publish","hentry"],"_links":{"self":[{"href":"https:\/\/lasdlanas.pl\/en\/wp-json\/wp\/v2\/pages\/1941","targetHints":{"allow":["GET"]}}],"collection":[{"href":"https:\/\/lasdlanas.pl\/en\/wp-json\/wp\/v2\/pages"}],"about":[{"href":"https:\/\/lasdlanas.pl\/en\/wp-json\/wp\/v2\/types\/page"}],"author":[{"embeddable":true,"href":"https:\/\/lasdlanas.pl\/en\/wp-json\/wp\/v2\/users\/1"}],"replies":[{"embeddable":true,"href":"https:\/\/lasdlanas.pl\/en\/wp-json\/wp\/v2\/comments?post=1941"}],"version-history":[{"count":10,"href":"https:\/\/lasdlanas.pl\/en\/wp-json\/wp\/v2\/pages\/1941\/revisions"}],"predecessor-version":[{"id":4064,"href":"https:\/\/lasdlanas.pl\/en\/wp-json\/wp\/v2\/pages\/1941\/revisions\/4064"}],"up":[{"embeddable":true,"href":"https:\/\/lasdlanas.pl\/en\/wp-json\/wp\/v2\/pages\/1663"}],"wp:attachment":[{"href":"https:\/\/lasdlanas.pl\/en\/wp-json\/wp\/v2\/media?parent=1941"}],"curies":[{"name":"wp","href":"https:\/\/api.w.org\/{rel}","templated":true}]}}