{"id":2573,"date":"2023-11-06T17:31:43","date_gmt":"2023-11-06T17:31:43","guid":{"rendered":"https:\/\/3.space1.pl\/?page_id=2573"},"modified":"2024-09-19T07:16:59","modified_gmt":"2024-09-19T07:16:59","slug":"kontakt","status":"publish","type":"page","link":"https:\/\/lasdlanas.pl\/en\/kontakt\/","title":{"rendered":"Contact"},"content":{"rendered":"<h1 class=\"wp-block-heading\">Napisz do Nas!<\/h1>\n\n<p>Fundacja \u201eLAS DLA NAS\u201d ul. Lindego 1C 30-148 Krak\u00f3w<br>NIP: 6772497475 KRS: 0001050367<\/p>\n\nEmail\n\nTelefon\n\nAdres\n\n<p>Poznaj nasz\u0105 ofert\u0119! Sta\u0144 si\u0119 cz\u0119\u015bci\u0105 tej wa\u017cnej inicjatywy.<\/p>","protected":false},"excerpt":{"rendered":"<p>Napisz do Nas! Fundacja \u201eLAS DLA NAS\u201d ul. Lindego 1C 30-148 Krak\u00f3wNIP: 6772497475 KRS: 0001050367 Email Telefon Adres Poznaj nasz\u0105 ofert\u0119! Sta\u0144 si\u0119 cz\u0119\u015bci\u0105 tej wa\u017cnej inicjatywy.<\/p>","protected":false},"author":1,"featured_media":0,"parent":0,"menu_order":0,"comment_status":"closed","ping_status":"closed","template":"","meta":{"footnotes":""},"class_list":["post-2573","page","type-page","status-publish","hentry"],"_links":{"self":[{"href":"https:\/\/lasdlanas.pl\/en\/wp-json\/wp\/v2\/pages\/2573","targetHints":{"allow":["GET"]}}],"collection":[{"href":"https:\/\/lasdlanas.pl\/en\/wp-json\/wp\/v2\/pages"}],"about":[{"href":"https:\/\/lasdlanas.pl\/en\/wp-json\/wp\/v2\/types\/page"}],"author":[{"embeddable":true,"href":"https:\/\/lasdlanas.pl\/en\/wp-json\/wp\/v2\/users\/1"}],"replies":[{"embeddable":true,"href":"https:\/\/lasdlanas.pl\/en\/wp-json\/wp\/v2\/comments?post=2573"}],"version-history":[{"count":38,"href":"https:\/\/lasdlanas.pl\/en\/wp-json\/wp\/v2\/pages\/2573\/revisions"}],"predecessor-version":[{"id":4024,"href":"https:\/\/lasdlanas.pl\/en\/wp-json\/wp\/v2\/pages\/2573\/revisions\/4024"}],"wp:attachment":[{"href":"https:\/\/lasdlanas.pl\/en\/wp-json\/wp\/v2\/media?parent=2573"}],"curies":[{"name":"wp","href":"https:\/\/api.w.org\/{rel}","templated":true}]}}