{"id":3629,"date":"2024-09-18T07:34:34","date_gmt":"2024-09-18T07:34:34","guid":{"rendered":"https:\/\/9.space1.pl\/?page_id=3629"},"modified":"2024-09-18T22:30:06","modified_gmt":"2024-09-18T22:30:06","slug":"misja","status":"publish","type":"page","link":"https:\/\/lasdlanas.pl\/en\/misja\/","title":{"rendered":"Misja"},"content":{"rendered":"<p>Nasza misja wykracza poza ochron\u0119 i regeneracj\u0119 las\u00f3w; anga\u017cujemy si\u0119 tak\u017ce w promowanie zr\u00f3wnowa\u017conego rozwoju naszej planety.<\/p>\n<p>D\u0105\u017cymy do stworzenia przysz\u0142o\u015bci, w kt\u00f3rej r\u00f3\u017cnorodno\u015b\u0107 biologiczna b\u0119dzie chroniona, a zasoby naturalne wykorzystywane odpowiedzialnie.<\/p>\n<p>Chcemy realizowa\u0107 inicjatywy edukacyjne, organizowa\u0107 projekty spo\u0142eczne. Wsp\u00f3\u0142pracujemy z lokalnymi spo\u0142eczno\u015bciami, aby ka\u017cdy m\u00f3g\u0142 przyczyni\u0107 si\u0119 do ochrony naszych unikalnych ekosystem\u00f3w.\u00a0<\/p>\n\n<p>Zapraszamy Ci\u0119 do do\u0142\u0105czenia do naszej misji!<\/p>\n<p>W obliczu rosn\u0105cych wyzwa\u0144 ekologicznych i klimatycznych, nasza Fundacja podejmuje ambitne dzia\u0142ania na rzecz ochrony i rozwoju polskiej przyrody. Naszym celem jest zwi\u0119kszenie lesisto\u015bci w Polsce o co najmniej 10% w ci\u0105gu nast\u0119pnej dekady. Wsp\u00f3\u0142pracujemy z fundacjami, organizacjami pozarz\u0105dowymi, firmami oraz lokalnymi spo\u0142eczno\u015bciami, wierz\u0105c, \u017ce razem mo\u017cemy zbudowa\u0107 lepsz\u0105 przysz\u0142o\u015b\u0107, dbaj\u0105c o \u015brodowisko i poprawiaj\u0105c jako\u015b\u0107 \u017cycia.<\/p>\n<p><strong>Marzymy, by nasza misja i wizja sta\u0142y si\u0119 inspiracj\u0105 dla innych fundacji, organizacji pozarz\u0105dowych, przedsi\u0119biorstw oraz ca\u0142ego spo\u0142ecze\u0144stwa do wsp\u00f3lnego dzia\u0142ania na rzecz natury.<\/strong>\u00a0<\/p>\n<p>Wierzymy, \u017ce dzi\u0119ki wsp\u00f3lnym wysi\u0142kom zasiejemy ziarna nadziei, kt\u00f3re wyrosn\u0105 w postaci zielonej i pi\u0119knej Polski \u2013 kraju pe\u0142nego harmonii, dost\u0119pnego dla przysz\u0142ych pokole\u0144, kt\u00f3re b\u0119d\u0105 mog\u0142y z rado\u015bci\u0105 podziwia\u0107 jego urok i bogactwo.<\/p>\n\n<h3 class=\"wp-block-heading\">Dzi\u0119ki nam przysz\u0142e pokolenia b\u0119d\u0105 mog\u0142y cieszy\u0107 si\u0119 pi\u0119knem i bogactwem las\u00f3w<\/h3>","protected":false},"excerpt":{"rendered":"<p>Nasza misja wykracza poza ochron\u0119 i regeneracj\u0119 las\u00f3w; anga\u017cujemy si\u0119 tak\u017ce w promowanie zr\u00f3wnowa\u017conego rozwoju naszej planety. D\u0105\u017cymy do stworzenia przysz\u0142o\u015bci, w kt\u00f3rej r\u00f3\u017cnorodno\u015b\u0107 biologiczna b\u0119dzie chroniona, a zasoby naturalne wykorzystywane odpowiedzialnie. Chcemy realizowa\u0107 inicjatywy edukacyjne, organizowa\u0107 projekty spo\u0142eczne. Wsp\u00f3\u0142pracujemy z lokalnymi spo\u0142eczno\u015bciami, aby ka\u017cdy m\u00f3g\u0142 przyczyni\u0107 si\u0119 do ochrony naszych unikalnych ekosystem\u00f3w.\u00a0 Zapraszamy Ci\u0119 [&hellip;]<\/p>","protected":false},"author":1,"featured_media":0,"parent":0,"menu_order":0,"comment_status":"closed","ping_status":"closed","template":"","meta":{"footnotes":""},"class_list":["post-3629","page","type-page","status-publish","hentry"],"_links":{"self":[{"href":"https:\/\/lasdlanas.pl\/en\/wp-json\/wp\/v2\/pages\/3629","targetHints":{"allow":["GET"]}}],"collection":[{"href":"https:\/\/lasdlanas.pl\/en\/wp-json\/wp\/v2\/pages"}],"about":[{"href":"https:\/\/lasdlanas.pl\/en\/wp-json\/wp\/v2\/types\/page"}],"author":[{"embeddable":true,"href":"https:\/\/lasdlanas.pl\/en\/wp-json\/wp\/v2\/users\/1"}],"replies":[{"embeddable":true,"href":"https:\/\/lasdlanas.pl\/en\/wp-json\/wp\/v2\/comments?post=3629"}],"version-history":[{"count":25,"href":"https:\/\/lasdlanas.pl\/en\/wp-json\/wp\/v2\/pages\/3629\/revisions"}],"predecessor-version":[{"id":3932,"href":"https:\/\/lasdlanas.pl\/en\/wp-json\/wp\/v2\/pages\/3629\/revisions\/3932"}],"wp:attachment":[{"href":"https:\/\/lasdlanas.pl\/en\/wp-json\/wp\/v2\/media?parent=3629"}],"curies":[{"name":"wp","href":"https:\/\/api.w.org\/{rel}","templated":true}]}}