{"id":3632,"date":"2024-09-18T07:41:28","date_gmt":"2024-09-18T07:41:28","guid":{"rendered":"https:\/\/9.space1.pl\/?page_id=3632"},"modified":"2025-01-23T12:58:45","modified_gmt":"2025-01-23T12:58:45","slug":"zaufali-nam","status":"publish","type":"page","link":"https:\/\/lasdlanas.pl\/en\/zaufali-nam\/","title":{"rendered":"Zaufali nam"},"content":{"rendered":"<h1 class=\"wp-block-heading\">Odkryj, co s\u0105dz\u0105 o nas sponsorzy:<\/h1>\n\n<p><b>Zapoznaj si\u0119 z opiniami naszych wiernych darczy\u0144c\u00f3w na temat naszej dzia\u0142alno\u015bci oraz wsp\u00f3lnych wysi\u0142k\u00f3w na rzecz ochrony las\u00f3w.<\/b><\/p>\n\n<div><div id=\"image-map-pro-4165\"><\/div><\/div>\n\n\n<figure class=\"wp-block-image size-full\"><img loading=\"lazy\" decoding=\"async\" width=\"338\" height=\"177\" src=\"https:\/\/lasdlanas.pl\/wp-content\/uploads\/2023\/10\/polemika.png\" alt class=\"wp-image-2234\" srcset=\"https:\/\/lasdlanas.pl\/wp-content\/uploads\/2023\/10\/polemika.png 338w, https:\/\/lasdlanas.pl\/wp-content\/uploads\/2023\/10\/polemika-300x157.png 300w, https:\/\/lasdlanas.pl\/wp-content\/uploads\/2023\/10\/polemika-18x9.png 18w\" sizes=\"auto, (max-width: 338px) 100vw, 338px\" \/><\/figure>\n\n<figure class=\"wp-block-image size-full\"><img loading=\"lazy\" decoding=\"async\" width=\"308\" height=\"161\" src=\"https:\/\/lasdlanas.pl\/wp-content\/uploads\/2023\/10\/kurowski.png\" alt class=\"wp-image-2233\" srcset=\"https:\/\/lasdlanas.pl\/wp-content\/uploads\/2023\/10\/kurowski.png 308w, https:\/\/lasdlanas.pl\/wp-content\/uploads\/2023\/10\/kurowski-300x157.png 300w, https:\/\/lasdlanas.pl\/wp-content\/uploads\/2023\/10\/kurowski-18x9.png 18w\" sizes=\"auto, (max-width: 308px) 100vw, 308px\" \/><\/figure>\n\n<figure class=\"wp-block-image size-full\"><img loading=\"lazy\" decoding=\"async\" width=\"255\" height=\"133\" src=\"https:\/\/lasdlanas.pl\/wp-content\/uploads\/2023\/10\/ideau.png\" alt class=\"wp-image-2232\" srcset=\"https:\/\/lasdlanas.pl\/wp-content\/uploads\/2023\/10\/ideau.png 255w, https:\/\/lasdlanas.pl\/wp-content\/uploads\/2023\/10\/ideau-18x9.png 18w\" sizes=\"auto, (max-width: 255px) 100vw, 255px\" \/><\/figure>\n\n<figure class=\"wp-block-image size-full\"><img loading=\"lazy\" decoding=\"async\" width=\"277\" height=\"145\" src=\"https:\/\/lasdlanas.pl\/wp-content\/uploads\/2023\/10\/Ferrari.png\" alt class=\"wp-image-2231\" srcset=\"https:\/\/lasdlanas.pl\/wp-content\/uploads\/2023\/10\/Ferrari.png 277w, https:\/\/lasdlanas.pl\/wp-content\/uploads\/2023\/10\/Ferrari-18x9.png 18w\" sizes=\"auto, (max-width: 277px) 100vw, 277px\" \/><\/figure>\n\n<figure class=\"wp-block-image size-full\"><img loading=\"lazy\" decoding=\"async\" width=\"235\" height=\"122\" src=\"https:\/\/lasdlanas.pl\/wp-content\/uploads\/2023\/10\/batory.png\" alt class=\"wp-image-2229\" srcset=\"https:\/\/lasdlanas.pl\/wp-content\/uploads\/2023\/10\/batory.png 235w, https:\/\/lasdlanas.pl\/wp-content\/uploads\/2023\/10\/batory-18x9.png 18w\" sizes=\"auto, (max-width: 235px) 100vw, 235px\" \/><\/figure>\n\n<figure class=\"wp-block-image size-full\"><img loading=\"lazy\" decoding=\"async\" width=\"262\" height=\"137\" src=\"https:\/\/lasdlanas.pl\/wp-content\/uploads\/2023\/10\/base.png\" alt class=\"wp-image-2228\" srcset=\"https:\/\/lasdlanas.pl\/wp-content\/uploads\/2023\/10\/base.png 262w, https:\/\/lasdlanas.pl\/wp-content\/uploads\/2023\/10\/base-18x9.png 18w\" sizes=\"auto, (max-width: 262px) 100vw, 262px\" \/><\/figure>\n\n<figure class=\"wp-block-image size-full\"><img loading=\"lazy\" decoding=\"async\" width=\"377\" height=\"197\" src=\"https:\/\/lasdlanas.pl\/wp-content\/uploads\/2023\/10\/ascot.png\" alt class=\"wp-image-2226\" srcset=\"https:\/\/lasdlanas.pl\/wp-content\/uploads\/2023\/10\/ascot.png 377w, https:\/\/lasdlanas.pl\/wp-content\/uploads\/2023\/10\/ascot-300x157.png 300w, https:\/\/lasdlanas.pl\/wp-content\/uploads\/2023\/10\/ascot-18x9.png 18w\" sizes=\"auto, (max-width: 377px) 100vw, 377px\" \/><\/figure>\n\n<h1 class=\"wp-block-heading\">Mapa zasadze\u0144 lasu<\/h1>\n\n<h3 class=\"has-text-align-left wp-block-heading\">Wybierz obiekt, dla kt\u00f3rego chcesz zobaczy\u0107 raporty z programu Las dla Nas<\/h3>\n\nLemon Resort SPA<br>\nGr\u00f3dek nad Dunajcem 83<br>\n33-318 Polska\n\n<figure class=\"wp-block-image size-full\"><a ><img loading=\"lazy\" decoding=\"async\" width=\"640\" height=\"480\" src=\"https:\/\/lasdlanas.pl\/wp-content\/uploads\/2025\/01\/202109150955010.1.webp\" alt class=\"wp-image-4304\" srcset=\"https:\/\/lasdlanas.pl\/wp-content\/uploads\/2025\/01\/202109150955010.1.webp 640w, https:\/\/lasdlanas.pl\/wp-content\/uploads\/2025\/01\/202109150955010.1-300x225.webp 300w, https:\/\/lasdlanas.pl\/wp-content\/uploads\/2025\/01\/202109150955010.1-16x12.webp 16w\" sizes=\"auto, (max-width: 640px) 100vw, 640px\" \/><\/a><\/figure>\n\nAscot Premium Hotel,<br> ul. Radziwi\u0142\u0142owska 3, 31-026 Krak\u00f3w\n\n<figure class=\"wp-block-image size-full\"><a ><img loading=\"lazy\" decoding=\"async\" width=\"1500\" height=\"1000\" src=\"https:\/\/lasdlanas.pl\/wp-content\/uploads\/2023\/04\/ascot_premium_r1500.webp\" alt class=\"wp-image-1895\" srcset=\"https:\/\/lasdlanas.pl\/wp-content\/uploads\/2023\/04\/ascot_premium_r1500.webp 1500w, https:\/\/lasdlanas.pl\/wp-content\/uploads\/2023\/04\/ascot_premium_r1500-300x200.webp 300w, https:\/\/lasdlanas.pl\/wp-content\/uploads\/2023\/04\/ascot_premium_r1500-1024x683.webp 1024w, https:\/\/lasdlanas.pl\/wp-content\/uploads\/2023\/04\/ascot_premium_r1500-768x512.webp 768w\" sizes=\"auto, (max-width: 1500px) 100vw, 1500px\" \/><\/a><\/figure>\n\nHotel Batory, <br> ul. So\u0142tyka 19, 31-529 Krak\u00f3w\n\n<figure class=\"wp-block-image size-full\"><a ><img loading=\"lazy\" decoding=\"async\" width=\"1500\" height=\"1000\" src=\"https:\/\/lasdlanas.pl\/wp-content\/uploads\/2023\/05\/Hotel-Batory.webp\" alt class=\"wp-image-1933\" srcset=\"https:\/\/lasdlanas.pl\/wp-content\/uploads\/2023\/05\/Hotel-Batory.webp 1500w, https:\/\/lasdlanas.pl\/wp-content\/uploads\/2023\/05\/Hotel-Batory-300x200.webp 300w, https:\/\/lasdlanas.pl\/wp-content\/uploads\/2023\/05\/Hotel-Batory-1024x683.webp 1024w, https:\/\/lasdlanas.pl\/wp-content\/uploads\/2023\/05\/Hotel-Batory-768x512.webp 768w\" sizes=\"auto, (max-width: 1500px) 100vw, 1500px\" \/><\/a><\/figure>\n\nGrand Ascot Hotel <br>\nul. J\u00f3zefa Szujskiego 4,\n31-123 Krak\u00f3w, Polska\n\n<figure class=\"wp-block-image size-full\"><a ><img loading=\"lazy\" decoding=\"async\" width=\"600\" height=\"400\" src=\"https:\/\/lasdlanas.pl\/wp-content\/uploads\/2024\/09\/107586119.webp\" alt class=\"wp-image-4173\" srcset=\"https:\/\/lasdlanas.pl\/wp-content\/uploads\/2024\/09\/107586119.webp 600w, https:\/\/lasdlanas.pl\/wp-content\/uploads\/2024\/09\/107586119-300x200.webp 300w, https:\/\/lasdlanas.pl\/wp-content\/uploads\/2024\/09\/107586119-18x12.webp 18w\" sizes=\"auto, (max-width: 600px) 100vw, 600px\" \/><\/a><\/figure>\n\n<h1 class=\"wp-block-heading\">Raporty z programu Las dla Nas dla hoteli<\/h1>\n\n<figure class=\"wp-block-image size-full\"><img loading=\"lazy\" decoding=\"async\" width=\"350\" height=\"327\" src=\"https:\/\/lasdlanas.pl\/wp-content\/uploads\/2024\/09\/scandagra.webp\" alt class=\"wp-image-4155\" srcset=\"https:\/\/lasdlanas.pl\/wp-content\/uploads\/2024\/09\/scandagra.webp 350w, https:\/\/lasdlanas.pl\/wp-content\/uploads\/2024\/09\/scandagra-300x280.webp 300w, https:\/\/lasdlanas.pl\/wp-content\/uploads\/2024\/09\/scandagra-13x12.webp 13w\" sizes=\"auto, (max-width: 350px) 100vw, 350px\" \/><\/figure>\n\nHotel CITY SM Business &#038; SPA <br>\nul.Gajowa 16,\n30-426 Krak\u00f3w , Polska\n\n<figure class=\"wp-block-image size-full\"><a ><img loading=\"lazy\" decoding=\"async\" width=\"1080\" height=\"720\" src=\"https:\/\/lasdlanas.pl\/wp-content\/uploads\/2024\/10\/zdjecie-hotelu-1.webp\" alt class=\"wp-image-4244\" srcset=\"https:\/\/lasdlanas.pl\/wp-content\/uploads\/2024\/10\/zdjecie-hotelu-1.webp 1080w, https:\/\/lasdlanas.pl\/wp-content\/uploads\/2024\/10\/zdjecie-hotelu-1-300x200.webp 300w, https:\/\/lasdlanas.pl\/wp-content\/uploads\/2024\/10\/zdjecie-hotelu-1-1024x683.webp 1024w, https:\/\/lasdlanas.pl\/wp-content\/uploads\/2024\/10\/zdjecie-hotelu-1-768x512.webp 768w, https:\/\/lasdlanas.pl\/wp-content\/uploads\/2024\/10\/zdjecie-hotelu-1-18x12.webp 18w\" sizes=\"auto, (max-width: 1080px) 100vw, 1080px\" \/><\/a><\/figure>","protected":false},"excerpt":{"rendered":"<p>Odkryj, co s\u0105dz\u0105 o nas sponsorzy: Zapoznaj si\u0119 z opiniami naszych wiernych darczy\u0144c\u00f3w na temat naszej dzia\u0142alno\u015bci oraz wsp\u00f3lnych wysi\u0142k\u00f3w na rzecz ochrony las\u00f3w. Mapa zasadze\u0144 lasu Wybierz obiekt, dla kt\u00f3rego chcesz zobaczy\u0107 raporty z programu Las dla Nas Lemon Resort SPA Gr\u00f3dek nad Dunajcem 83 33-318 Polska Ascot Premium Hotel, ul. Radziwi\u0142\u0142owska 3, 31-026 [&hellip;]<\/p>","protected":false},"author":1,"featured_media":0,"parent":0,"menu_order":0,"comment_status":"closed","ping_status":"closed","template":"","meta":{"footnotes":""},"class_list":["post-3632","page","type-page","status-publish","hentry"],"_links":{"self":[{"href":"https:\/\/lasdlanas.pl\/en\/wp-json\/wp\/v2\/pages\/3632","targetHints":{"allow":["GET"]}}],"collection":[{"href":"https:\/\/lasdlanas.pl\/en\/wp-json\/wp\/v2\/pages"}],"about":[{"href":"https:\/\/lasdlanas.pl\/en\/wp-json\/wp\/v2\/types\/page"}],"author":[{"embeddable":true,"href":"https:\/\/lasdlanas.pl\/en\/wp-json\/wp\/v2\/users\/1"}],"replies":[{"embeddable":true,"href":"https:\/\/lasdlanas.pl\/en\/wp-json\/wp\/v2\/comments?post=3632"}],"version-history":[{"count":70,"href":"https:\/\/lasdlanas.pl\/en\/wp-json\/wp\/v2\/pages\/3632\/revisions"}],"predecessor-version":[{"id":4422,"href":"https:\/\/lasdlanas.pl\/en\/wp-json\/wp\/v2\/pages\/3632\/revisions\/4422"}],"wp:attachment":[{"href":"https:\/\/lasdlanas.pl\/en\/wp-json\/wp\/v2\/media?parent=3632"}],"curies":[{"name":"wp","href":"https:\/\/api.w.org\/{rel}","templated":true}]}}