{"id":3634,"date":"2024-09-18T07:41:41","date_gmt":"2024-09-18T07:41:41","guid":{"rendered":"https:\/\/9.space1.pl\/?page_id=3634"},"modified":"2025-10-01T11:44:01","modified_gmt":"2025-10-01T11:44:01","slug":"o-nas-2","status":"publish","type":"page","link":"https:\/\/lasdlanas.pl\/en\/o-nas-2\/","title":{"rendered":"O nas"},"content":{"rendered":"<p>Prezes Fundacji Las dla Nas oraz Za\u0142o\u017cyciel Networking Club. Jako do\u015bwiadczony przedsi\u0119biorca z wieloletni\u0105 praktyk\u0105 w r\u00f3\u017cnych bran\u017cach, ma g\u0142\u0119bok\u0105 \u015bwiadomo\u015b\u0107, jak kluczowe s\u0105 skuteczne dzia\u0142ania na rzecz naszej planety<\/p>\n\n<figure class=\"wp-block-image size-full\"><img loading=\"lazy\" decoding=\"async\" width=\"534\" height=\"800\" src=\"https:\/\/lasdlanas.pl\/wp-content\/uploads\/2024\/09\/Pracownia-Meskich-Portretow-2024.07.31-Marcin-Schoen0027-1-1.webp\" alt class=\"wp-image-4111\" srcset=\"https:\/\/lasdlanas.pl\/wp-content\/uploads\/2024\/09\/Pracownia-Meskich-Portretow-2024.07.31-Marcin-Schoen0027-1-1.webp 534w, https:\/\/lasdlanas.pl\/wp-content\/uploads\/2024\/09\/Pracownia-Meskich-Portretow-2024.07.31-Marcin-Schoen0027-1-1-200x300.webp 200w, https:\/\/lasdlanas.pl\/wp-content\/uploads\/2024\/09\/Pracownia-Meskich-Portretow-2024.07.31-Marcin-Schoen0027-1-1-8x12.webp 8w\" sizes=\"auto, (max-width: 534px) 100vw, 534px\" \/><\/figure>\n\n<h3 class=\"wp-block-heading\">Marcin Schoen<\/h3>\n\n<p>Z tego powodu powo\u0142a\u0142 do \u017cycia fundacj\u0119, kt\u00f3ra anga\u017cuje si\u0119 w ochron\u0119 \u015brodowiska i wspiera inicjatywy proekologiczne.\u200b Jego celem jest tworzenie organizacji z pozytywnym wp\u0142ywem spo\u0142ecznym, kt\u00f3re dbaj\u0105 zar\u00f3wno o rozw\u00f3j pracownik\u00f3w, jak i o dobro naszej planety.<\/p>\n<p>Poprzez swoje projekty i do\u015bwiadczenia pragnie inspirowa\u0107 innych przedsi\u0119biorc\u00f3w do podejmowania zr\u00f3wnowa\u017conych i odpowiedzialnych dzia\u0142a\u0144, kt\u00f3re przyczyniaj\u0105 si\u0119 do lepszej przysz\u0142o\u015bci dla wszystkich.<\/p>\n<p>Wierzy, \u017ce wsp\u00f3lnymi si\u0142ami mo\u017cna wprowadza\u0107 pozytywne zmiany i tworzy\u0107 \u015bwiat, w kt\u00f3rym biznes prosperuje w harmonii z natur\u0105.<\/p>\n\n<figure class=\"wp-block-image size-full\"><img loading=\"lazy\" decoding=\"async\" width=\"531\" height=\"800\" src=\"https:\/\/lasdlanas.pl\/wp-content\/uploads\/2024\/10\/SKF8680-1_1.webp\" alt class=\"wp-image-4209\" srcset=\"https:\/\/lasdlanas.pl\/wp-content\/uploads\/2024\/10\/SKF8680-1_1.webp 531w, https:\/\/lasdlanas.pl\/wp-content\/uploads\/2024\/10\/SKF8680-1_1-199x300.webp 199w, https:\/\/lasdlanas.pl\/wp-content\/uploads\/2024\/10\/SKF8680-1_1-8x12.webp 8w\" sizes=\"auto, (max-width: 531px) 100vw, 531px\" \/><\/figure>\n\n<h3 class=\"wp-block-heading\">Szymon \u015awiderek<\/h3>\n\n<p>\u00a0<\/p>\n<p><strong>Szymon \u015awiderek<\/strong>\u00a0to do\u015bwiadczony Project Manager oraz Business Design Thinker, a tak\u017ce spo\u0142ecznie zaanga\u017cowany stra\u017cak-ratownik. Posiada tytu\u0142 magistra, kt\u00f3ry uzyska\u0142 na kierunku Zarz\u0105dzanie w Wy\u017cszej Szkole Biznesu \u2013 National Louis University.<\/p>\n<p>Z ponad pi\u0119cioletnim do\u015bwiadczeniem w zarz\u0105dzaniu projektami w sektorze administracji publicznej, Szymon odpowiedzialny jest za efektywne prowadzenie projekt\u00f3w rz\u0105dowych. W trakcie studi\u00f3w pe\u0142ni\u0142 przez trzy lata funkcj\u0119 prezesa zarz\u0105du Ko\u0142a Naukowego Design Thinking Hub, gdzie zainicjowa\u0142 wsp\u00f3\u0142prac\u0119 z licznymi przedsi\u0119biorstwami, co umo\u017cliwi\u0142o realizacj\u0119 zewn\u0119trznych projekt\u00f3w biznesowych.<\/p>\n<p>Jako organizator Mi\u0119dzyuczelnianego Konkursu Elevator Pitch 2022, wykaza\u0142 si\u0119 umiej\u0119tno\u015bci\u0105 anga\u017cowania \u015brodowiska akademickiego w innowacyjne dzia\u0142ania. Od ponad dziesi\u0119ciu lat aktywnie uczestniczy w dzia\u0142aniach Ochotniczej Stra\u017cy Po\u017carnej. Posiada tytu\u0142 Ratownika i pe\u0142ni wa\u017cne role w Grupie Ratownictwa Specjalistycznego OSP Krak\u00f3w, gdzie jest sekretarzem zarz\u0105du oraz dow\u00f3dc\u0105 jednostki zajmuj\u0105cej si\u0119 g\u0142\u00f3wnie poszukiwaniem os\u00f3b zaginionych.<\/p>\n<p>Do\u015bwiadczenie zdobyte podczas r\u00f3\u017cnorodnych akcji ratunkowych stanowi dla niego nieoceniony kapita\u0142 w sytuacjach kryzysowych wymagaj\u0105cych szybkiej i skutecznej reakcji. Prywatnie Szymon jest pasjonatem motoryzacji, lotnictwa oraz turystyki g\u00f3rskiej, co \u015bwiadczy o jego wszechstronnych zainteresowaniach.<\/p>\n\n<figure class=\"wp-block-image size-full\"><img loading=\"lazy\" decoding=\"async\" width=\"599\" height=\"800\" src=\"https:\/\/lasdlanas.pl\/wp-content\/uploads\/2024\/10\/BartekPhoto.webp\" alt class=\"wp-image-4199\" srcset=\"https:\/\/lasdlanas.pl\/wp-content\/uploads\/2024\/10\/BartekPhoto.webp 599w, https:\/\/lasdlanas.pl\/wp-content\/uploads\/2024\/10\/BartekPhoto-225x300.webp 225w, https:\/\/lasdlanas.pl\/wp-content\/uploads\/2024\/10\/BartekPhoto-9x12.webp 9w\" sizes=\"auto, (max-width: 599px) 100vw, 599px\" \/><\/figure>\n\n<h3 class=\"wp-block-heading\">Bartosz Piasecki<\/h3>\n\n<p><strong>Bartosz Piasecki<\/strong> to entuzjasta marketingu, kt\u00f3ry od 2008 roku nieustannie rozwija swoje umiej\u0119tno\u015bci i wiedz\u0119 w tej dynamicznie zmieniaj\u0105cej si\u0119 bran\u017cy. Wsp\u00f3\u0142pracowa\u0142 z ponad 150 ma\u0142ymi i \u015brednimi firmami. Obecnie pe\u0142ni kluczow\u0105 rol\u0119 w The Software House, gdzie odpowiada za tworzenie i realizacj\u0119 strategii marketingowej, przyczyniaj\u0105c si\u0119 do jej sukcesu na rynku.<\/p>\n<p>Bartosz wsp\u00f3\u0142pracowa\u0142 ze znanymi markami, takimi jak Tymbark, Tiger, Lubella, czy Skoda, co \u015bwiadczy o jego szerokich kompetencjach i zdolno\u015bci do adaptacji strategii marketingowych do r\u00f3\u017cnorodnych bran\u017c. Specjalizuje si\u0119 w PPC (Facebook Ads, Google Ads, LinkedIn Ads), gdzie jego innowacyjne podej\u015bcie i strategiczne my\u015blenie przynosz\u0105 wymierne efekty. ego umiej\u0119tno\u015bci obejmuj\u0105 projektowanie i wdra\u017canie kampanii reklamowych, tworzenie skutecznych lejk\u00f3w marketingowych, budowanie profesjonalnych stron internetowych, projektowanie kompleksowych kampanii, wdra\u017canie narz\u0119dzi analitycznych oraz tworzenie anga\u017cuj\u0105cych tre\u015bci marketingowych. Bartosz korzysta z automatyzacji, AI i nowoczesnych narz\u0119dzi, aby usprawni\u0107 i przyspieszy\u0107 swoj\u0105 prac\u0119. Bartosz aktywnie dzieli si\u0119 swoj\u0105 wiedz\u0105, doradzaj\u0105c, konsultuj\u0105c, szkol\u0105c oraz nadzoruj\u0105c prace zespo\u0142\u00f3w marketingowych.<\/p>\n<p>Jego podej\u015bcie do marketingu charakteryzuje si\u0119 g\u0142\u0119bokim zrozumieniem narz\u0119dzi i trend\u00f3w oraz umiej\u0119tno\u015bci\u0105 przekazywania wiedzy i inspiracji innym. Wi\u0119cej informacji o jego pracy i projektach mo\u017cna znale\u017a\u0107 na stronie <a href=\"http:\/\/www.bartekpiasecki.com\/\" target=\"_blank\" rel=\"noopener\">www.bartekpiasecki.com<\/a> oraz na profilu LinkedIn: <a href=\"https:\/\/www.linkedin.com\/in\/bartoszpiasecki89\/\" target=\"_blank\" rel=\"noopener\">https:\/\/www.linkedin.com\/in\/bartoszpiasecki89\/<\/a>.<\/p>\n\n<h3 class=\"wp-block-heading\">Gabriela Gil<\/h3>\n\n<figure class=\"wp-block-image size-full\"><img loading=\"lazy\" decoding=\"async\" width=\"601\" height=\"900\" src=\"https:\/\/lasdlanas.pl\/wp-content\/uploads\/2024\/10\/atomstore_17a.webp\" alt class=\"wp-image-4252\" srcset=\"https:\/\/lasdlanas.pl\/wp-content\/uploads\/2024\/10\/atomstore_17a.webp 601w, https:\/\/lasdlanas.pl\/wp-content\/uploads\/2024\/10\/atomstore_17a-200x300.webp 200w, https:\/\/lasdlanas.pl\/wp-content\/uploads\/2024\/10\/atomstore_17a-8x12.webp 8w\" sizes=\"auto, (max-width: 601px) 100vw, 601px\" \/><\/figure>\n\n<p><strong>Gabriela Gil<\/strong> Zawsze gotowa do zdobywania nowej wiedzy i rozwijania umiej\u0119tno\u015bci, pasjonatka reklamy, neuromarketingu oraz dzia\u0142a\u0144 \u0142\u0105cz\u0105cych ludzi i inicjuj\u0105cych pozytywne zmiany w spo\u0142ecze\u0144stwie. Ceni r\u00f3\u017cnorodne podej\u015bcia do \u017cycia i wierzy, \u017ce ka\u017cdy cz\u0142owiek ma wp\u0142yw na \u015bwiat, kt\u00f3ry go otacza. Anga\u017cuje si\u0119 w inicjatywy spo\u0142eczne i networkingowe, by inspirowa\u0107 innych do podejmowania dzia\u0142a\u0144 zgodnych z ich warto\u015bciami. Jej celem jest rozw\u00f3j Fundacji, aby jeszcze skuteczniej wspiera\u0142a projekty maj\u0105ce realny wp\u0142yw na \u015brodowisko.<\/p>\n<p>Od ponad 10 lat dzia\u0142a w marketingu internetowym, dbaj\u0105c o wizerunki marek, tworz\u0105c strategie komunikacyjne oraz organizuj\u0105c wydarzenia, kt\u00f3re pomagaj\u0105 firmom przekazywa\u0107 warto\u015bciowe emocje i idee. Jest przekonana, \u017ce efektywne dzia\u0142ania promocyjne mog\u0105 przyczyni\u0107 si\u0119 do budowania bardziej \u015bwiadomego i odpowiedzialnego spo\u0142ecze\u0144stwa.<\/p>\n<p>Prywatnie \u2014 mi\u0142o\u015bniczka g\u00f3r, podr\u00f3\u017cy, oraz pasjonatka krymina\u0142\u00f3w. Jej do\u015bwiadczenie zawodowe, po\u0142\u0105czone z osobistymi zainteresowaniami, sprawia, \u017ce z pe\u0142nym zaanga\u017cowaniem pracuje nad projektami inspiruj\u0105cymi do zmian.<\/p>","protected":false},"excerpt":{"rendered":"<p>Prezes Fundacji Las dla Nas oraz Za\u0142o\u017cyciel Networking Club. Jako do\u015bwiadczony przedsi\u0119biorca z wieloletni\u0105 praktyk\u0105 w r\u00f3\u017cnych bran\u017cach, ma g\u0142\u0119bok\u0105 \u015bwiadomo\u015b\u0107, jak kluczowe s\u0105 skuteczne dzia\u0142ania na rzecz naszej planety Marcin Schoen Z tego powodu powo\u0142a\u0142 do \u017cycia fundacj\u0119, kt\u00f3ra anga\u017cuje si\u0119 w ochron\u0119 \u015brodowiska i wspiera inicjatywy proekologiczne.\u200b Jego celem jest tworzenie organizacji z [&hellip;]<\/p>","protected":false},"author":1,"featured_media":0,"parent":0,"menu_order":0,"comment_status":"closed","ping_status":"closed","template":"","meta":{"footnotes":""},"class_list":["post-3634","page","type-page","status-publish","hentry"],"_links":{"self":[{"href":"https:\/\/lasdlanas.pl\/en\/wp-json\/wp\/v2\/pages\/3634","targetHints":{"allow":["GET"]}}],"collection":[{"href":"https:\/\/lasdlanas.pl\/en\/wp-json\/wp\/v2\/pages"}],"about":[{"href":"https:\/\/lasdlanas.pl\/en\/wp-json\/wp\/v2\/types\/page"}],"author":[{"embeddable":true,"href":"https:\/\/lasdlanas.pl\/en\/wp-json\/wp\/v2\/users\/1"}],"replies":[{"embeddable":true,"href":"https:\/\/lasdlanas.pl\/en\/wp-json\/wp\/v2\/comments?post=3634"}],"version-history":[{"count":100,"href":"https:\/\/lasdlanas.pl\/en\/wp-json\/wp\/v2\/pages\/3634\/revisions"}],"predecessor-version":[{"id":4545,"href":"https:\/\/lasdlanas.pl\/en\/wp-json\/wp\/v2\/pages\/3634\/revisions\/4545"}],"wp:attachment":[{"href":"https:\/\/lasdlanas.pl\/en\/wp-json\/wp\/v2\/media?parent=3634"}],"curies":[{"name":"wp","href":"https:\/\/api.w.org\/{rel}","templated":true}]}}