{"id":4331,"date":"2025-01-23T07:53:40","date_gmt":"2025-01-23T07:53:40","guid":{"rendered":"https:\/\/lasdlanas.pl\/?page_id=4331"},"modified":"2025-03-17T08:04:07","modified_gmt":"2025-03-17T08:04:07","slug":"raport-lemon-resort-spa","status":"publish","type":"page","link":"https:\/\/lasdlanas.pl\/en\/raporty\/raport-lemon-resort-spa\/","title":{"rendered":"Raport Lemon Resort SPA"},"content":{"rendered":"<div class=\"wrap view_page\"><div id=\"poststuff\" class=\"metabox-holder\"><div id=\"post-body\"><div class=\"inside\"><div class=\"frm_settings_form wrap_content arf_view_list_forms\" id=\"arf_view_list_form\"><div class=\"arf_pp_full_width arf_view_form_wrapper\" method=\"get\" id=\"arf_view_forms\" data-form-id=\"107\"><input type=\"hidden\" name=\"arfview_ajaxurl\" id=\"arfview_ajaxurl\" value=\"https:\/\/lasdlanas.pl\/wp-admin\/admin-ajax.php\"\/><input type=\"hidden\" id=\"form_id\" name=\"form_id\" value=\"107\"\/><input type=\"hidden\" id=\"col_order_type\" value=\"1\" \/><div class=\"arf_list_view_wrapper\"><div class=\"arf_list_view_entry_wrapper\"><div class=\"arf_list_view_title_wrapper\"><p class=\"arf_list_title_data\">2025-10-19<\/p><\/div><div class=\"arf_list_view_content_wrapper\"><p class=\"arf_list_content_data\">Apartament 56,Apartament 65<\/p>\r\n<p class=\"arf_list_content_data\">Domek 107<\/p><\/div><\/div><div class=\"arf_list_view_entry_wrapper\"><div class=\"arf_list_view_title_wrapper\"><p class=\"arf_list_title_data\">2025-10-18<\/p><\/div><div class=\"arf_list_view_content_wrapper\"><p class=\"arf_list_content_data\">Apartament 48,Apartament 63<\/p>\r\n<p class=\"arf_list_content_data\">Domek 119<\/p><\/div><\/div><div class=\"arf_list_view_entry_wrapper\"><div class=\"arf_list_view_title_wrapper\"><p class=\"arf_list_title_data\">2025-10-08<\/p><\/div><div class=\"arf_list_view_content_wrapper\"><p class=\"arf_list_content_data\">-<\/p>\r\n<p class=\"arf_list_content_data\">Domek 107<\/p><\/div><\/div><div class=\"arf_list_view_entry_wrapper\"><div class=\"arf_list_view_title_wrapper\"><p class=\"arf_list_title_data\">2025-09-24<\/p><\/div><div class=\"arf_list_view_content_wrapper\"><p class=\"arf_list_content_data\">Apartament 14<\/p>\r\n<p class=\"arf_list_content_data\">-<\/p><\/div><\/div><div class=\"arf_list_view_entry_wrapper\"><div class=\"arf_list_view_title_wrapper\"><p class=\"arf_list_title_data\">2025-09-23<\/p><\/div><div class=\"arf_list_view_content_wrapper\"><p class=\"arf_list_content_data\">Apartament 14,Apartament 58<\/p>\r\n<p class=\"arf_list_content_data\">-<\/p><\/div><\/div><div class=\"arf_list_view_entry_wrapper\"><div class=\"arf_list_view_title_wrapper\"><p class=\"arf_list_title_data\">2025-09-22<\/p><\/div><div class=\"arf_list_view_content_wrapper\"><p class=\"arf_list_content_data\">Apartament 6,Apartament 14,Apartament 39<\/p>\r\n<p class=\"arf_list_content_data\">-<\/p><\/div><\/div><div class=\"arf_list_view_entry_wrapper\"><div class=\"arf_list_view_title_wrapper\"><p class=\"arf_list_title_data\">2025-09-21<\/p><\/div><div class=\"arf_list_view_content_wrapper\"><p class=\"arf_list_content_data\">Apartament 3,Apartament 56<\/p>\r\n<p class=\"arf_list_content_data\">-<\/p><\/div><\/div><div class=\"arf_list_view_entry_wrapper\"><div class=\"arf_list_view_title_wrapper\"><p class=\"arf_list_title_data\">2025-09-20<\/p><\/div><div class=\"arf_list_view_content_wrapper\"><p class=\"arf_list_content_data\">Apartament 3,Apartament 37,Apartament 39,Apartament 42<\/p>\r\n<p class=\"arf_list_content_data\">Domek 106,Domek 120<\/p><\/div><\/div><div class=\"arf_list_view_entry_wrapper\"><div class=\"arf_list_view_title_wrapper\"><p class=\"arf_list_title_data\">2025-09-18<\/p><\/div><div class=\"arf_list_view_content_wrapper\"><p class=\"arf_list_content_data\">Apartament 76<\/p>\r\n<p class=\"arf_list_content_data\">-<\/p><\/div><\/div><div class=\"arf_list_view_entry_wrapper\"><div class=\"arf_list_view_title_wrapper\"><p class=\"arf_list_title_data\">2025-09-14<\/p><\/div><div class=\"arf_list_view_content_wrapper\"><p class=\"arf_list_content_data\">-<\/p>\r\n<p class=\"arf_list_content_data\">Domek 106,Domek 109<\/p><\/div><\/div><\/div><div class=\"arf_table_view_paginate_link_wrapper\"><ul class=\"arf_table_view_page_numbers\"><li class=\"arf_page_number_wrapper_item\" data-page=\"1\"><span class='arf_table_view_page_number_item'>1<\/span><\/li><li class=\"arf_page_number_wrapper_item\" data-page=\"2\"><a data-current-page='2' class='arf_table_view_page_number_item' href='https:\/\/lasdlanas.pl\/en\/raporty\/raport-lemon-resort-spa\/?pagenum=2'>2<\/a><\/li><li class=\"arf_page_number_wrapper_item\" data-page=\"3\"><a data-current-page='3' class='arf_table_view_page_number_item' href='https:\/\/lasdlanas.pl\/en\/raporty\/raport-lemon-resort-spa\/?pagenum=3'>3<\/a><\/li><li class=\"arf_page_number_wrapper_item\" data-page=\"4\"><a data-current-page='4' class='arf_table_view_page_number_item' href='https:\/\/lasdlanas.pl\/en\/raporty\/raport-lemon-resort-spa\/?pagenum=4'>4<\/a><\/li><li class=\"arf_page_number_wrapper_item\" data-page=\"5\"><a data-current-page='5' class='arf_table_view_page_number_item' href='https:\/\/lasdlanas.pl\/en\/raporty\/raport-lemon-resort-spa\/?pagenum=5'>5<\/a><\/li><li class=\"arf_page_number_wrapper_item\" data-page=\"6\"><a data-current-page='6' class='arf_table_view_page_number_item' href='https:\/\/lasdlanas.pl\/en\/raporty\/raport-lemon-resort-spa\/?pagenum=6'>6<\/a><\/li><li class=\"arf_page_number_wrapper_item\" data-page=\"7\"><a data-current-page='7' class='arf_table_view_page_number_item' href='https:\/\/lasdlanas.pl\/en\/raporty\/raport-lemon-resort-spa\/?pagenum=7'>7<\/a><\/li><li class=\"arf_page_number_wrapper_item\" data-page=\"8\"><a data-current-page='8' class='arf_table_view_page_number_item' href='https:\/\/lasdlanas.pl\/en\/raporty\/raport-lemon-resort-spa\/?pagenum=8'>8<\/a><\/li><li class=\"arf_page_number_wrapper_item\" data-page=\"9\"><a data-current-page='9' class='arf_table_view_page_number_item' href='https:\/\/lasdlanas.pl\/en\/raporty\/raport-lemon-resort-spa\/?pagenum=9'>9<\/a><\/li><li class=\"arf_page_number_wrapper_item\" data-page=\"10\"><a data-current-page='10' class='arf_table_view_page_number_item' href='https:\/\/lasdlanas.pl\/en\/raporty\/raport-lemon-resort-spa\/?pagenum=10'>10<\/a><\/li><li class=\"arf_page_number_wrapper_item\" data-page=\"11\"><a data-current-page='11' class='arf_table_view_page_number_item' href='https:\/\/lasdlanas.pl\/en\/raporty\/raport-lemon-resort-spa\/?pagenum=11'>11<\/a><\/li><li class=\"arf_page_number_wrapper_item\" data-page=\"12\"><a data-current-page='12' class='arf_table_view_page_number_item' href='https:\/\/lasdlanas.pl\/en\/raporty\/raport-lemon-resort-spa\/?pagenum=12'>12<\/a><\/li><li class=\"arf_page_number_wrapper_item\" data-page=\"13\"><a data-current-page='13' class='arf_table_view_page_number_item' href='https:\/\/lasdlanas.pl\/en\/raporty\/raport-lemon-resort-spa\/?pagenum=13'>13<\/a><\/li><li class=\"arf_next_page_wrapper_item\"><a href=\"https:\/\/lasdlanas.pl\/en\/raporty\/raport-lemon-resort-spa\/?pagenum=2\" class=\"arf_table_view_page_number_item next_page\" data-current-page=\"2\">&raquo;<\/a><\/li><\/ul><\/div><div class=\"clear\"><\/div><input type=\"hidden\" class=\"arf_view_form_entry_data_107\" value='{\"1453\":{\"215\":\"date^|^2025-10-19\",\"216\":\"checkbox^|^Apartament 56,Apartament 65\",\"218\":\"checkbox^|^Domek 107\",\"220\":\"break^|^\",\"221\":\"break^|^\"},\"1452\":{\"215\":\"date^|^2025-10-18\",\"216\":\"checkbox^|^Apartament 48,Apartament 63\",\"218\":\"checkbox^|^Domek 119\",\"220\":\"break^|^\",\"221\":\"break^|^\"},\"1451\":{\"215\":\"date^|^2025-10-08\",\"216\":\"checkbox^|^\",\"218\":\"checkbox^|^Domek 107\",\"220\":\"break^|^\",\"221\":\"break^|^\"},\"1423\":{\"215\":\"date^|^2025-09-24\",\"216\":\"checkbox^|^Apartament 14\",\"218\":\"checkbox^|^\",\"220\":\"break^|^\",\"221\":\"break^|^\"},\"1422\":{\"215\":\"date^|^2025-09-23\",\"216\":\"checkbox^|^Apartament 14,Apartament 58\",\"218\":\"checkbox^|^\",\"220\":\"break^|^\",\"221\":\"break^|^\"},\"1419\":{\"215\":\"date^|^2025-09-22\",\"216\":\"checkbox^|^Apartament 6,Apartament 14,Apartament 39\",\"218\":\"checkbox^|^\",\"220\":\"break^|^\",\"221\":\"break^|^\"},\"1418\":{\"215\":\"date^|^2025-09-21\",\"216\":\"checkbox^|^Apartament 3,Apartament 56\",\"218\":\"checkbox^|^\",\"220\":\"break^|^\",\"221\":\"break^|^\"},\"1417\":{\"215\":\"date^|^2025-09-20\",\"216\":\"checkbox^|^Apartament 3,Apartament 37,Apartament 39,Apartament 42\",\"218\":\"checkbox^|^Domek 106,Domek 120\",\"220\":\"break^|^\",\"221\":\"break^|^\"},\"1413\":{\"215\":\"date^|^2025-09-18\",\"216\":\"checkbox^|^Apartament 76\",\"218\":\"checkbox^|^\",\"220\":\"break^|^\",\"221\":\"break^|^\"},\"1407\":{\"215\":\"date^|^2025-09-14\",\"216\":\"checkbox^|^\",\"218\":\"checkbox^|^Domek 106,Domek 109\",\"220\":\"break^|^\",\"221\":\"break^|^\"}}' \/><input type=\"hidden\" class=\"arf_view_form_editable_fields_107\" value='[]' \/><input type=\"hidden\" name=\"show_hide_columns\" id=\"show_hide_columns\" value=\"Show \/ Hide columns\"\/><input type=\"hidden\" name=\"search_grid\" id=\"search_grid\" value=\"Search\"\/><input type=\"hidden\" name=\"entries_grid\" id=\"entries_grid\" value=\"entries\"\/><input type=\"hidden\" name=\"show_grid\" id=\"show_grid\" value=\"Show\"\/><input type=\"hidden\" name=\"showing_grid\" id=\"showing_grid\" value=\"Showing\"\/><input type=\"hidden\" name=\"to_grid\" id=\"to_grid\" value=\"to\"\/><input type=\"hidden\" name=\"of_grid\" id=\"of_grid\" value=\"of\"\/><input type=\"hidden\" name=\"no_match_record_grid\" id=\"no_match_record_grid\" value=\"No matching records found\"\/><input type=\"hidden\" name=\"no_record_grid\" id=\"no_record_grid\" value=\"No data available in table\"\/><input type=\"hidden\" name=\"filter_grid\" id=\"filter_grid\" value=\"filtered from\"\/><input type=\"hidden\" name=\"totalwd_grid\" id=\"totalwd_grid\" value=\"total\"\/><div class=\"footer_grid\"><\/div><\/div><\/div><\/div><\/div><\/div><\/div>\n\n\n<h1 class=\"wp-block-heading\">Raporty dla Lemon Resort SPA<\/h1>\n\n<div class=\"wp-block-buttons is-layout-flex wp-block-buttons-is-layout-flex\"><div class=\"wp-block-button\"><a class=\"wp-block-button__link\">Powr\u00f3t do raport\u00f3w<\/a><\/div><\/div>\n\n<figure class=\"wp-block-image size-full\"><a ><img loading=\"lazy\" decoding=\"async\" width=\"1600\" height=\"1178\" src=\"https:\/\/lasdlanas.pl\/wp-content\/uploads\/2025\/01\/Mapa-2022-Lemon-Resort-Spa.webp\" alt class=\"wp-image-4311\" srcset=\"https:\/\/lasdlanas.pl\/wp-content\/uploads\/2025\/01\/Mapa-2022-Lemon-Resort-Spa.webp 1600w, https:\/\/lasdlanas.pl\/wp-content\/uploads\/2025\/01\/Mapa-2022-Lemon-Resort-Spa-300x221.webp 300w, https:\/\/lasdlanas.pl\/wp-content\/uploads\/2025\/01\/Mapa-2022-Lemon-Resort-Spa-1024x754.webp 1024w, https:\/\/lasdlanas.pl\/wp-content\/uploads\/2025\/01\/Mapa-2022-Lemon-Resort-Spa-768x565.webp 768w, https:\/\/lasdlanas.pl\/wp-content\/uploads\/2025\/01\/Mapa-2022-Lemon-Resort-Spa-1536x1131.webp 1536w, https:\/\/lasdlanas.pl\/wp-content\/uploads\/2025\/01\/Mapa-2022-Lemon-Resort-Spa-16x12.webp 16w\" sizes=\"auto, (max-width: 1600px) 100vw, 1600px\" \/><\/a><\/figure>\n\n<p>Lemon Resort Spa to kompleks budynk\u00f3w zaprojektowanych w taki spos\u00f3b, by zachwyca\u0142y designem oraz luksusem i dostarcza\u0142y Ci upragnionego komfortu, na kt\u00f3ry tak bardzo zas\u0142ugujesz. Nasz butikowy hotel mie\u015bci si\u0119 w nowoczesnych obiektach o p\u0142askich dachach i prostych bry\u0142ach, tak charakterystycznych dla architektury modernistycznej, kt\u00f3r\u0105 reprezentuje. Przeszklenia, kt\u00f3re s\u0105 nieod\u0142\u0105cznym elementem budynk\u00f3w nale\u017c\u0105cych do Lemon Resort Spa, w niesamowity spos\u00f3b otwieraj\u0105 wn\u0119trza naszego hotelu ze spa na roztaczaj\u0105cy si\u0119 wok\u00f3\u0142 krajobraz. Ca\u0142y kompleks obiekt\u00f3w, na kt\u00f3ry sk\u0142ada si\u0119 nasz modernistyczny hotel butikowy, zosta\u0142 wyko\u0144czony nie tylko w spos\u00f3b luksusowy i z dba\u0142o\u015bci\u0105 o ka\u017cdy detal, ale i funkcjonalny.<\/p>\n<p>\u00a0<\/p>\n<p>Jako go\u015b\u0107 naszego butikowego hotelu, masz dost\u0119p do wszelkich nowoczesnych udogodnie\u0144, a jednocze\u015bnie mo\u017cesz cieszy\u0107 si\u0119 blisko\u015bci\u0105 natury dooko\u0142a. Kameralne apartamenty wchodz\u0105ce w sk\u0142ad resortu z jednej strony, dla pe\u0142ni Twojej wygody, s\u0105 ze sob\u0105 \u015bci\u015ble po\u0142\u0105czone, z drugiej za\u015b tak odseparowane, \u017ce przebywaj\u0105c w swojej prywatnej enklawie, nie odczujesz obecno\u015bci s\u0105siad\u00f3w zajmuj\u0105cych inne obiekty. Nie mo\u017cemy nie wspomnie\u0107 i o tym, czym mog\u0105 pochwali\u0107 si\u0119 jedynie nieliczne luksusowe hotele w Polsce, mianowicie o pokojach na wodzie, kt\u00f3re z reszt\u0105 Lemon Resort Spa po\u0142\u0105czone s\u0105 za pomoc\u0105 d\u0142ugiego pomostu. Na wodzie znajduj\u0105 si\u0119 pokoje Deluxe z antresol\u0105 oraz tarasem, z kt\u00f3rego mo\u017cesz podziwia\u0107 zachody s\u0142o\u0144ca nad Jeziorem Ro\u017cnowskim.<\/p>\n\n<p>W Lemon Resort na pracownik\u00f3w Twojej firmy czeka profesjonalna obs\u0142uga i indywidualne podej\u015bcie. Wyjazdy integracyjne zorganizowane w naszym hotelu zapadn\u0105 im w pami\u0119\u0107 m.in. dzi\u0119ki relaksowi w Manaw Spa, w kt\u00f3rym dost\u0119pne s\u0105 r\u00f3\u017cnorodne zabiegi leczniczo-relaksacyjne, masa\u017ce i rytua\u0142y.<\/p>\n\nPoni\u017csze apartamenty zosta\u0142y obj\u0119te programem Las dla nas.","protected":false},"excerpt":{"rendered":"<p>Raporty dla Lemon Resort SPA Lemon Resort Spa to kompleks budynk\u00f3w zaprojektowanych w taki spos\u00f3b, by zachwyca\u0142y designem oraz luksusem i dostarcza\u0142y Ci upragnionego komfortu, na kt\u00f3ry tak bardzo zas\u0142ugujesz. Nasz butikowy hotel mie\u015bci si\u0119 w nowoczesnych obiektach o p\u0142askich dachach i prostych bry\u0142ach, tak charakterystycznych dla architektury modernistycznej, kt\u00f3r\u0105 reprezentuje. Przeszklenia, kt\u00f3re s\u0105 nieod\u0142\u0105cznym [&hellip;]<\/p>","protected":false},"author":1,"featured_media":0,"parent":1663,"menu_order":0,"comment_status":"closed","ping_status":"closed","template":"","meta":{"footnotes":""},"class_list":["post-4331","page","type-page","status-publish","hentry"],"_links":{"self":[{"href":"https:\/\/lasdlanas.pl\/en\/wp-json\/wp\/v2\/pages\/4331","targetHints":{"allow":["GET"]}}],"collection":[{"href":"https:\/\/lasdlanas.pl\/en\/wp-json\/wp\/v2\/pages"}],"about":[{"href":"https:\/\/lasdlanas.pl\/en\/wp-json\/wp\/v2\/types\/page"}],"author":[{"embeddable":true,"href":"https:\/\/lasdlanas.pl\/en\/wp-json\/wp\/v2\/users\/1"}],"replies":[{"embeddable":true,"href":"https:\/\/lasdlanas.pl\/en\/wp-json\/wp\/v2\/comments?post=4331"}],"version-history":[{"count":49,"href":"https:\/\/lasdlanas.pl\/en\/wp-json\/wp\/v2\/pages\/4331\/revisions"}],"predecessor-version":[{"id":4538,"href":"https:\/\/lasdlanas.pl\/en\/wp-json\/wp\/v2\/pages\/4331\/revisions\/4538"}],"up":[{"embeddable":true,"href":"https:\/\/lasdlanas.pl\/en\/wp-json\/wp\/v2\/pages\/1663"}],"wp:attachment":[{"href":"https:\/\/lasdlanas.pl\/en\/wp-json\/wp\/v2\/media?parent=4331"}],"curies":[{"name":"wp","href":"https:\/\/api.w.org\/{rel}","templated":true}]}}