{"id":4499,"date":"2025-02-10T10:31:16","date_gmt":"2025-02-10T10:31:16","guid":{"rendered":"https:\/\/lasdlanas.pl\/?page_id=4499"},"modified":"2025-02-10T10:42:30","modified_gmt":"2025-02-10T10:42:30","slug":"raport-nomadic","status":"publish","type":"page","link":"https:\/\/lasdlanas.pl\/en\/raporty\/raport-nomadic\/","title":{"rendered":"Raport Nomadic"},"content":{"rendered":"<div class=\"wrap view_page\"><div id=\"poststuff\" class=\"metabox-holder\"><div id=\"post-body\"><div class=\"inside\"><div class=\"frm_settings_form wrap_content arf_view_list_forms\" id=\"arf_view_list_form\"><div class=\"arf_pp_full_width arf_view_form_wrapper\" method=\"get\" id=\"arf_view_forms\" data-form-id=\"109\"><input type=\"hidden\" name=\"arfview_ajaxurl\" id=\"arfview_ajaxurl\" value=\"https:\/\/lasdlanas.pl\/wp-admin\/admin-ajax.php\"\/><input type=\"hidden\" id=\"form_id\" name=\"form_id\" value=\"109\"\/><input type=\"hidden\" id=\"col_order_type\" value=\"1\" \/><div class=\"arf_list_view_wrapper\"><div class=\"arf_list_view_entry_wrapper\"><div class=\"arf_list_view_title_wrapper\"><p class=\"arf_list_title_data\">2026-04-25<\/p><\/div><div class=\"arf_list_view_content_wrapper\"><p class=\"arf_list_content_data\">-<\/p>\r\n<p class=\"arf_list_content_data\">-<\/p>\r\n<p class=\"arf_list_content_data\">-<\/p>\r\n<p class=\"arf_list_content_data\">-<\/p>\r\n<p class=\"arf_list_content_data\">Pok\u00f3j 45<\/p>\r\n<p class=\"arf_list_content_data\">-<\/p>\r\n<p class=\"arf_list_content_data\">-<\/p><\/div><\/div><div class=\"arf_list_view_entry_wrapper\"><div class=\"arf_list_view_title_wrapper\"><p class=\"arf_list_title_data\">2026-04-25<\/p><\/div><div class=\"arf_list_view_content_wrapper\"><p class=\"arf_list_content_data\">-<\/p>\r\n<p class=\"arf_list_content_data\">-<\/p>\r\n<p class=\"arf_list_content_data\">-<\/p>\r\n<p class=\"arf_list_content_data\">-<\/p>\r\n<p class=\"arf_list_content_data\">Pok\u00f3j 46,Pok\u00f3j 47<\/p>\r\n<p class=\"arf_list_content_data\">-<\/p>\r\n<p class=\"arf_list_content_data\">-<\/p><\/div><\/div><div class=\"arf_list_view_entry_wrapper\"><div class=\"arf_list_view_title_wrapper\"><p class=\"arf_list_title_data\">2026-04-23<\/p><\/div><div class=\"arf_list_view_content_wrapper\"><p class=\"arf_list_content_data\">Pok\u00f3j 7<\/p>\r\n<p class=\"arf_list_content_data\">Pok\u00f3j 12<\/p>\r\n<p class=\"arf_list_content_data\">-<\/p>\r\n<p class=\"arf_list_content_data\">-<\/p>\r\n<p class=\"arf_list_content_data\">-<\/p>\r\n<p class=\"arf_list_content_data\">-<\/p>\r\n<p class=\"arf_list_content_data\">-<\/p><\/div><\/div><div class=\"arf_list_view_entry_wrapper\"><div class=\"arf_list_view_title_wrapper\"><p class=\"arf_list_title_data\">2026-04-22<\/p><\/div><div class=\"arf_list_view_content_wrapper\"><p class=\"arf_list_content_data\">Pok\u00f3j 7<\/p>\r\n<p class=\"arf_list_content_data\">Pok\u00f3j 12<\/p>\r\n<p class=\"arf_list_content_data\">Pok\u00f3j 27<\/p>\r\n<p class=\"arf_list_content_data\">-<\/p>\r\n<p class=\"arf_list_content_data\">-<\/p>\r\n<p class=\"arf_list_content_data\">-<\/p>\r\n<p class=\"arf_list_content_data\">-<\/p><\/div><\/div><div class=\"arf_list_view_entry_wrapper\"><div class=\"arf_list_view_title_wrapper\"><p class=\"arf_list_title_data\">2026-04-21<\/p><\/div><div class=\"arf_list_view_content_wrapper\"><p class=\"arf_list_content_data\">-<\/p>\r\n<p class=\"arf_list_content_data\">-<\/p>\r\n<p class=\"arf_list_content_data\">-<\/p>\r\n<p class=\"arf_list_content_data\">Pok\u00f3j 35<\/p>\r\n<p class=\"arf_list_content_data\">-<\/p>\r\n<p class=\"arf_list_content_data\">-<\/p>\r\n<p class=\"arf_list_content_data\">-<\/p><\/div><\/div><div class=\"arf_list_view_entry_wrapper\"><div class=\"arf_list_view_title_wrapper\"><p class=\"arf_list_title_data\">2026-04-20<\/p><\/div><div class=\"arf_list_view_content_wrapper\"><p class=\"arf_list_content_data\">-<\/p>\r\n<p class=\"arf_list_content_data\">-<\/p>\r\n<p class=\"arf_list_content_data\">-<\/p>\r\n<p class=\"arf_list_content_data\">Pok\u00f3j 35<\/p>\r\n<p class=\"arf_list_content_data\">-<\/p>\r\n<p class=\"arf_list_content_data\">-<\/p>\r\n<p class=\"arf_list_content_data\">-<\/p><\/div><\/div><div class=\"arf_list_view_entry_wrapper\"><div class=\"arf_list_view_title_wrapper\"><p class=\"arf_list_title_data\">2026-04-19<\/p><\/div><div class=\"arf_list_view_content_wrapper\"><p class=\"arf_list_content_data\">Pok\u00f3j 7<\/p>\r\n<p class=\"arf_list_content_data\">Pok\u00f3j 12<\/p>\r\n<p class=\"arf_list_content_data\">-<\/p>\r\n<p class=\"arf_list_content_data\">-<\/p>\r\n<p class=\"arf_list_content_data\">-<\/p>\r\n<p class=\"arf_list_content_data\">-<\/p>\r\n<p class=\"arf_list_content_data\">-<\/p><\/div><\/div><div class=\"arf_list_view_entry_wrapper\"><div class=\"arf_list_view_title_wrapper\"><p class=\"arf_list_title_data\">2026-04-17<\/p><\/div><div class=\"arf_list_view_content_wrapper\"><p class=\"arf_list_content_data\">-<\/p>\r\n<p class=\"arf_list_content_data\">-<\/p>\r\n<p class=\"arf_list_content_data\">Pok\u00f3j 22,Pok\u00f3j 25<\/p>\r\n<p class=\"arf_list_content_data\">-<\/p>\r\n<p class=\"arf_list_content_data\">Pok\u00f3j 42<\/p>\r\n<p class=\"arf_list_content_data\">-<\/p>\r\n<p class=\"arf_list_content_data\">-<\/p><\/div><\/div><div class=\"arf_list_view_entry_wrapper\"><div class=\"arf_list_view_title_wrapper\"><p class=\"arf_list_title_data\">2026-04-13<\/p><\/div><div class=\"arf_list_view_content_wrapper\"><p class=\"arf_list_content_data\">Pok\u00f3j 5<\/p>\r\n<p class=\"arf_list_content_data\">Pok\u00f3j 12<\/p>\r\n<p class=\"arf_list_content_data\">-<\/p>\r\n<p class=\"arf_list_content_data\">-<\/p>\r\n<p class=\"arf_list_content_data\">-<\/p>\r\n<p class=\"arf_list_content_data\">-<\/p>\r\n<p class=\"arf_list_content_data\">-<\/p><\/div><\/div><div class=\"arf_list_view_entry_wrapper\"><div class=\"arf_list_view_title_wrapper\"><p class=\"arf_list_title_data\">2026-04-13<\/p><\/div><div class=\"arf_list_view_content_wrapper\"><p class=\"arf_list_content_data\">-<\/p>\r\n<p class=\"arf_list_content_data\">-<\/p>\r\n<p class=\"arf_list_content_data\">Pok\u00f3j 25<\/p>\r\n<p class=\"arf_list_content_data\">Pok\u00f3j 32<\/p>\r\n<p class=\"arf_list_content_data\">Pok\u00f3j 45,Pok\u00f3j 47<\/p>\r\n<p class=\"arf_list_content_data\">-<\/p>\r\n<p class=\"arf_list_content_data\">-<\/p><\/div><\/div><\/div><div class=\"arf_table_view_paginate_link_wrapper\"><ul class=\"arf_table_view_page_numbers\"><li class=\"arf_page_number_wrapper_item\" data-page=\"1\"><span class='arf_table_view_page_number_item'>1<\/span><\/li><li class=\"arf_page_number_wrapper_item\" data-page=\"2\"><a data-current-page='2' class='arf_table_view_page_number_item' href='https:\/\/lasdlanas.pl\/en\/raporty\/raport-nomadic\/?pagenum=2'>2<\/a><\/li><li class=\"arf_page_number_wrapper_item\" data-page=\"3\"><a data-current-page='3' class='arf_table_view_page_number_item' href='https:\/\/lasdlanas.pl\/en\/raporty\/raport-nomadic\/?pagenum=3'>3<\/a><\/li><li class=\"arf_page_number_wrapper_item\" data-page=\"4\"><a data-current-page='4' class='arf_table_view_page_number_item' href='https:\/\/lasdlanas.pl\/en\/raporty\/raport-nomadic\/?pagenum=4'>4<\/a><\/li><li class=\"arf_page_number_wrapper_item\" data-page=\"5\"><a data-current-page='5' class='arf_table_view_page_number_item' href='https:\/\/lasdlanas.pl\/en\/raporty\/raport-nomadic\/?pagenum=5'>5<\/a><\/li><li class=\"arf_page_number_wrapper_item\" data-page=\"6\"><a data-current-page='6' class='arf_table_view_page_number_item' href='https:\/\/lasdlanas.pl\/en\/raporty\/raport-nomadic\/?pagenum=6'>6<\/a><\/li><li class=\"arf_page_number_wrapper_item\" data-page=\"7\"><a data-current-page='7' class='arf_table_view_page_number_item' href='https:\/\/lasdlanas.pl\/en\/raporty\/raport-nomadic\/?pagenum=7'>7<\/a><\/li><li class=\"arf_page_number_wrapper_item\" data-page=\"8\"><a data-current-page='8' class='arf_table_view_page_number_item' href='https:\/\/lasdlanas.pl\/en\/raporty\/raport-nomadic\/?pagenum=8'>8<\/a><\/li><li class=\"arf_page_number_wrapper_item\" data-page=\"9\"><a data-current-page='9' class='arf_table_view_page_number_item' href='https:\/\/lasdlanas.pl\/en\/raporty\/raport-nomadic\/?pagenum=9'>9<\/a><\/li><li class=\"arf_page_number_wrapper_item\" data-page=\"10\"><a data-current-page='10' class='arf_table_view_page_number_item' href='https:\/\/lasdlanas.pl\/en\/raporty\/raport-nomadic\/?pagenum=10'>10<\/a><\/li><li class=\"arf_page_number_wrapper_item\" data-page=\"11\"><a data-current-page='11' class='arf_table_view_page_number_item' href='https:\/\/lasdlanas.pl\/en\/raporty\/raport-nomadic\/?pagenum=11'>11<\/a><\/li><li class=\"arf_page_number_wrapper_item\" data-page=\"12\"><a data-current-page='12' class='arf_table_view_page_number_item' href='https:\/\/lasdlanas.pl\/en\/raporty\/raport-nomadic\/?pagenum=12'>12<\/a><\/li><li class=\"arf_page_number_wrapper_item\" data-page=\"13\"><a data-current-page='13' class='arf_table_view_page_number_item' href='https:\/\/lasdlanas.pl\/en\/raporty\/raport-nomadic\/?pagenum=13'>13<\/a><\/li><li class=\"arf_page_number_wrapper_item\" data-page=\"14\"><a data-current-page='14' class='arf_table_view_page_number_item' href='https:\/\/lasdlanas.pl\/en\/raporty\/raport-nomadic\/?pagenum=14'>14<\/a><\/li><li class=\"arf_page_number_wrapper_item\" data-page=\"15\"><a data-current-page='15' class='arf_table_view_page_number_item' href='https:\/\/lasdlanas.pl\/en\/raporty\/raport-nomadic\/?pagenum=15'>15<\/a><\/li><li class=\"arf_page_number_wrapper_item\" data-page=\"16\"><a data-current-page='16' class='arf_table_view_page_number_item' href='https:\/\/lasdlanas.pl\/en\/raporty\/raport-nomadic\/?pagenum=16'>16<\/a><\/li><li class=\"arf_page_number_wrapper_item\" data-page=\"17\"><a data-current-page='17' class='arf_table_view_page_number_item' href='https:\/\/lasdlanas.pl\/en\/raporty\/raport-nomadic\/?pagenum=17'>17<\/a><\/li><li class=\"arf_next_page_wrapper_item\"><a href=\"https:\/\/lasdlanas.pl\/en\/raporty\/raport-nomadic\/?pagenum=2\" class=\"arf_table_view_page_number_item next_page\" data-current-page=\"2\">&raquo;<\/a><\/li><\/ul><\/div><div class=\"clear\"><\/div><input type=\"hidden\" class=\"arf_view_form_entry_data_109\" value='{\"1625\":{\"231\":\"date^|^2026-04-25\",\"232\":\"checkbox^|^\",\"233\":\"checkbox^|^\",\"234\":\"checkbox^|^\",\"235\":\"break^|^\",\"236\":\"break^|^\",\"237\":\"break^|^\",\"238\":\"checkbox^|^\",\"239\":\"break^|^\",\"240\":\"break^|^\",\"241\":\"break^|^\",\"242\":\"checkbox^|^Pok\\u00f3j 45\",\"243\":\"checkbox^|^\",\"244\":\"break^|^\",\"245\":\"checkbox^|^\"},\"1627\":{\"231\":\"date^|^2026-04-25\",\"232\":\"checkbox^|^\",\"233\":\"checkbox^|^\",\"234\":\"checkbox^|^\",\"235\":\"break^|^\",\"236\":\"break^|^\",\"237\":\"break^|^\",\"238\":\"checkbox^|^\",\"239\":\"break^|^\",\"240\":\"break^|^\",\"241\":\"break^|^\",\"242\":\"checkbox^|^Pok\\u00f3j 46,Pok\\u00f3j 47\",\"243\":\"checkbox^|^\",\"244\":\"break^|^\",\"245\":\"checkbox^|^\"},\"1623\":{\"231\":\"date^|^2026-04-23\",\"232\":\"checkbox^|^Pok\\u00f3j 7\",\"233\":\"checkbox^|^Pok\\u00f3j 12\",\"234\":\"checkbox^|^\",\"235\":\"break^|^\",\"236\":\"break^|^\",\"237\":\"break^|^\",\"238\":\"checkbox^|^\",\"239\":\"break^|^\",\"240\":\"break^|^\",\"241\":\"break^|^\",\"242\":\"checkbox^|^\",\"243\":\"checkbox^|^\",\"244\":\"break^|^\",\"245\":\"checkbox^|^\"},\"1624\":{\"231\":\"date^|^2026-04-22\",\"232\":\"checkbox^|^Pok\\u00f3j 7\",\"233\":\"checkbox^|^Pok\\u00f3j 12\",\"234\":\"checkbox^|^Pok\\u00f3j 27\",\"235\":\"break^|^\",\"236\":\"break^|^\",\"237\":\"break^|^\",\"238\":\"checkbox^|^\",\"239\":\"break^|^\",\"240\":\"break^|^\",\"241\":\"break^|^\",\"242\":\"checkbox^|^\",\"243\":\"checkbox^|^\",\"244\":\"break^|^\",\"245\":\"checkbox^|^\"},\"1620\":{\"231\":\"date^|^2026-04-21\",\"232\":\"checkbox^|^\",\"233\":\"checkbox^|^\",\"234\":\"checkbox^|^\",\"235\":\"break^|^\",\"236\":\"break^|^\",\"237\":\"break^|^\",\"238\":\"checkbox^|^Pok\\u00f3j 35\",\"239\":\"break^|^\",\"240\":\"break^|^\",\"241\":\"break^|^\",\"242\":\"checkbox^|^\",\"243\":\"checkbox^|^\",\"244\":\"break^|^\",\"245\":\"checkbox^|^\"},\"1619\":{\"231\":\"date^|^2026-04-20\",\"232\":\"checkbox^|^\",\"233\":\"checkbox^|^\",\"234\":\"checkbox^|^\",\"235\":\"break^|^\",\"236\":\"break^|^\",\"237\":\"break^|^\",\"238\":\"checkbox^|^Pok\\u00f3j 35\",\"239\":\"break^|^\",\"240\":\"break^|^\",\"241\":\"break^|^\",\"242\":\"checkbox^|^\",\"243\":\"checkbox^|^\",\"244\":\"break^|^\",\"245\":\"checkbox^|^\"},\"1621\":{\"231\":\"date^|^2026-04-19\",\"232\":\"checkbox^|^Pok\\u00f3j 7\",\"233\":\"checkbox^|^Pok\\u00f3j 12\",\"234\":\"checkbox^|^\",\"235\":\"break^|^\",\"236\":\"break^|^\",\"237\":\"break^|^\",\"238\":\"checkbox^|^\",\"239\":\"break^|^\",\"240\":\"break^|^\",\"241\":\"break^|^\",\"242\":\"checkbox^|^\",\"243\":\"checkbox^|^\",\"244\":\"break^|^\",\"245\":\"checkbox^|^\"},\"1615\":{\"231\":\"date^|^2026-04-17\",\"232\":\"checkbox^|^\",\"233\":\"checkbox^|^\",\"234\":\"checkbox^|^Pok\\u00f3j 22,Pok\\u00f3j 25\",\"235\":\"break^|^\",\"236\":\"break^|^\",\"237\":\"break^|^\",\"238\":\"checkbox^|^\",\"239\":\"break^|^\",\"240\":\"break^|^\",\"241\":\"break^|^\",\"242\":\"checkbox^|^Pok\\u00f3j 42\",\"243\":\"checkbox^|^\",\"244\":\"break^|^\",\"245\":\"checkbox^|^\"},\"1611\":{\"231\":\"date^|^2026-04-13\",\"232\":\"checkbox^|^Pok\\u00f3j 5\",\"233\":\"checkbox^|^Pok\\u00f3j 12\",\"234\":\"checkbox^|^\",\"235\":\"break^|^\",\"236\":\"break^|^\",\"237\":\"break^|^\",\"238\":\"checkbox^|^\",\"239\":\"break^|^\",\"240\":\"break^|^\",\"241\":\"break^|^\",\"242\":\"checkbox^|^\",\"243\":\"checkbox^|^\",\"244\":\"break^|^\",\"245\":\"checkbox^|^\"},\"1614\":{\"231\":\"date^|^2026-04-13\",\"232\":\"checkbox^|^\",\"233\":\"checkbox^|^\",\"234\":\"checkbox^|^Pok\\u00f3j 25\",\"235\":\"break^|^\",\"236\":\"break^|^\",\"237\":\"break^|^\",\"238\":\"checkbox^|^Pok\\u00f3j 32\",\"239\":\"break^|^\",\"240\":\"break^|^\",\"241\":\"break^|^\",\"242\":\"checkbox^|^Pok\\u00f3j 45,Pok\\u00f3j 47\",\"243\":\"checkbox^|^\",\"244\":\"break^|^\",\"245\":\"checkbox^|^\"}}' \/><input type=\"hidden\" class=\"arf_view_form_editable_fields_109\" value='[]' \/><input type=\"hidden\" name=\"show_hide_columns\" id=\"show_hide_columns\" value=\"Show \/ Hide columns\"\/><input type=\"hidden\" name=\"search_grid\" id=\"search_grid\" value=\"Search\"\/><input type=\"hidden\" name=\"entries_grid\" id=\"entries_grid\" value=\"entries\"\/><input type=\"hidden\" name=\"show_grid\" id=\"show_grid\" value=\"Show\"\/><input type=\"hidden\" name=\"showing_grid\" id=\"showing_grid\" value=\"Showing\"\/><input type=\"hidden\" name=\"to_grid\" id=\"to_grid\" value=\"to\"\/><input type=\"hidden\" name=\"of_grid\" id=\"of_grid\" value=\"of\"\/><input type=\"hidden\" name=\"no_match_record_grid\" id=\"no_match_record_grid\" value=\"No matching records found\"\/><input type=\"hidden\" name=\"no_record_grid\" id=\"no_record_grid\" value=\"No data available in table\"\/><input type=\"hidden\" name=\"filter_grid\" id=\"filter_grid\" value=\"filtered from\"\/><input type=\"hidden\" name=\"totalwd_grid\" id=\"totalwd_grid\" value=\"total\"\/><div class=\"footer_grid\"><\/div><\/div><\/div><\/div><\/div><\/div><\/div>\n\n\n<h1 class=\"wp-block-heading\">Raporty dla nomadic urban premium suites<\/h1>\n\n<div class=\"wp-block-buttons is-layout-flex wp-block-buttons-is-layout-flex\"><div class=\"wp-block-button\"><a class=\"wp-block-button__link\">Powr\u00f3t do raport\u00f3w<\/a><\/div><\/div>\n\n<p>W Nomadic \u0142\u0105czymy ducha awangardy i nowoczesno\u015bci z tym, co z natury rzeczy w Krakowie klasyczne i ponadczasowe. Zale\u017cy nam na tym, aby\u015bcie poznali nasze miasto takim, jakim my go widzimy: dynamicznym, zaskakuj\u0105cym, pe\u0142nym fantastycznych, bardziej i mniej znanych miejsc, smak\u00f3w i obraz\u00f3w. Lokalizacja w samym centrum, zaraz przy Rynku G\u0142\u00f3wnym, b\u0119dzie \u015bwietnym przyczynkiem do eksploracji tego wyj\u0105tkowego miasta. Oczywi\u015bcie, nie zapominamy przy tym, jak wa\u017cne s\u0105 dla Was takie kwestie jak komfort i spok\u00f3j, niepowtarzalny design oraz doskona\u0142a jako\u015b\u0107 serwisu.<br \/>Niezale\u017cnie od tego, kt\u00f3ry z naszych 33 apartament\u00f3w wybierzecie, mo\u017cecie by\u0107 pewni, \u017ce wszystko to znajdziecie w Nomadic.<br \/>Czekamy na Was na ul. \u015aw. Tomasza 27.<\/p>\n\n<p>Nomadic zlokalizowany jest przy Rynku G\u0142\u00f3wnym, wpisanym w 2000 r. przez UNESCO na list\u0119 \u015bwiatowego dziedzictwa kulturowego. Z tak \u015bwietn\u0105 lokalizacj\u0105 wi\u0105\u017ce si\u0119 szereg korzy\u015bci. Wspomnijmy cho\u0107by o t\u0119tni\u0105cym \u017cyciu kulturalno-rozrywkowym.<\/p>\n<p>Od szerokiej oferty gastronomicznej, muze\u00f3w, kin, teatr\u00f3w i zabytk\u00f3w naszych Go\u015bcie dziel\u0105 dos\u0142ownie dwie minuty spaceru. Kawa w klimatycznej kawiarence, spacer po uliczkach Starego Miasta, doskona\u0142y spektakl a pod wieczorem kolacja i kieliszek wina w pi\u0119knej restauracji? Zdecydowanie tak! To wszystko dzieje si\u0119 w\u0142a\u015bnie tu, w samym sercu Krakowa.<\/p>\n\nPoni\u017csze apartamenty zosta\u0142y obj\u0119te programem Las dla nas.\n\n<figure class=\"wp-block-image size-full\"><img loading=\"lazy\" decoding=\"async\" width=\"1449\" height=\"1015\" src=\"https:\/\/lasdlanas.pl\/wp-content\/uploads\/2025\/02\/202405291219310.szary_na_zielonym_tle.webp\" alt class=\"wp-image-4485\" srcset=\"https:\/\/lasdlanas.pl\/wp-content\/uploads\/2025\/02\/202405291219310.szary_na_zielonym_tle.webp 1449w, https:\/\/lasdlanas.pl\/wp-content\/uploads\/2025\/02\/202405291219310.szary_na_zielonym_tle-300x210.webp 300w, https:\/\/lasdlanas.pl\/wp-content\/uploads\/2025\/02\/202405291219310.szary_na_zielonym_tle-1024x717.webp 1024w, https:\/\/lasdlanas.pl\/wp-content\/uploads\/2025\/02\/202405291219310.szary_na_zielonym_tle-768x538.webp 768w, https:\/\/lasdlanas.pl\/wp-content\/uploads\/2025\/02\/202405291219310.szary_na_zielonym_tle-18x12.webp 18w\" sizes=\"auto, (max-width: 1449px) 100vw, 1449px\" \/><\/figure>\n\n<figure class=\"wp-block-image size-large\"><img loading=\"lazy\" decoding=\"async\" width=\"1024\" height=\"717\" src=\"https:\/\/lasdlanas.pl\/wp-content\/uploads\/2025\/02\/202405291219310.szary_na_zielonym_tle-1024x717.webp\" alt class=\"wp-image-4485\" srcset=\"https:\/\/lasdlanas.pl\/wp-content\/uploads\/2025\/02\/202405291219310.szary_na_zielonym_tle-1024x717.webp 1024w, https:\/\/lasdlanas.pl\/wp-content\/uploads\/2025\/02\/202405291219310.szary_na_zielonym_tle-300x210.webp 300w, https:\/\/lasdlanas.pl\/wp-content\/uploads\/2025\/02\/202405291219310.szary_na_zielonym_tle-768x538.webp 768w, https:\/\/lasdlanas.pl\/wp-content\/uploads\/2025\/02\/202405291219310.szary_na_zielonym_tle-18x12.webp 18w, https:\/\/lasdlanas.pl\/wp-content\/uploads\/2025\/02\/202405291219310.szary_na_zielonym_tle.webp 1449w\" sizes=\"auto, (max-width: 1024px) 100vw, 1024px\" \/><\/figure>\n\n<figure class=\"wp-block-image size-large\"><img loading=\"lazy\" decoding=\"async\" width=\"1024\" height=\"717\" src=\"https:\/\/lasdlanas.pl\/wp-content\/uploads\/2025\/02\/202405291219310.szary_na_zielonym_tle-1024x717.webp\" alt class=\"wp-image-4485\" srcset=\"https:\/\/lasdlanas.pl\/wp-content\/uploads\/2025\/02\/202405291219310.szary_na_zielonym_tle-1024x717.webp 1024w, https:\/\/lasdlanas.pl\/wp-content\/uploads\/2025\/02\/202405291219310.szary_na_zielonym_tle-300x210.webp 300w, https:\/\/lasdlanas.pl\/wp-content\/uploads\/2025\/02\/202405291219310.szary_na_zielonym_tle-768x538.webp 768w, https:\/\/lasdlanas.pl\/wp-content\/uploads\/2025\/02\/202405291219310.szary_na_zielonym_tle-18x12.webp 18w, https:\/\/lasdlanas.pl\/wp-content\/uploads\/2025\/02\/202405291219310.szary_na_zielonym_tle.webp 1449w\" sizes=\"auto, (max-width: 1024px) 100vw, 1024px\" \/><\/figure>","protected":false},"excerpt":{"rendered":"<p>Raporty dla nomadic urban premium suites W Nomadic \u0142\u0105czymy ducha awangardy i nowoczesno\u015bci z tym, co z natury rzeczy w Krakowie klasyczne i ponadczasowe. Zale\u017cy nam na tym, aby\u015bcie poznali nasze miasto takim, jakim my go widzimy: dynamicznym, zaskakuj\u0105cym, pe\u0142nym fantastycznych, bardziej i mniej znanych miejsc, smak\u00f3w i obraz\u00f3w. Lokalizacja w samym centrum, zaraz przy [&hellip;]<\/p>","protected":false},"author":1,"featured_media":0,"parent":1663,"menu_order":0,"comment_status":"closed","ping_status":"closed","template":"","meta":{"footnotes":""},"class_list":["post-4499","page","type-page","status-publish","hentry"],"_links":{"self":[{"href":"https:\/\/lasdlanas.pl\/en\/wp-json\/wp\/v2\/pages\/4499","targetHints":{"allow":["GET"]}}],"collection":[{"href":"https:\/\/lasdlanas.pl\/en\/wp-json\/wp\/v2\/pages"}],"about":[{"href":"https:\/\/lasdlanas.pl\/en\/wp-json\/wp\/v2\/types\/page"}],"author":[{"embeddable":true,"href":"https:\/\/lasdlanas.pl\/en\/wp-json\/wp\/v2\/users\/1"}],"replies":[{"embeddable":true,"href":"https:\/\/lasdlanas.pl\/en\/wp-json\/wp\/v2\/comments?post=4499"}],"version-history":[{"count":17,"href":"https:\/\/lasdlanas.pl\/en\/wp-json\/wp\/v2\/pages\/4499\/revisions"}],"predecessor-version":[{"id":4523,"href":"https:\/\/lasdlanas.pl\/en\/wp-json\/wp\/v2\/pages\/4499\/revisions\/4523"}],"up":[{"embeddable":true,"href":"https:\/\/lasdlanas.pl\/en\/wp-json\/wp\/v2\/pages\/1663"}],"wp:attachment":[{"href":"https:\/\/lasdlanas.pl\/en\/wp-json\/wp\/v2\/media?parent=4499"}],"curies":[{"name":"wp","href":"https:\/\/api.w.org\/{rel}","templated":true}]}}